{"id":7263,"date":"2025-02-06T20:26:17","date_gmt":"2025-02-06T18:26:17","guid":{"rendered":"https:\/\/keskerakond.ee\/?page_id=7263"},"modified":"2025-02-18T20:07:57","modified_gmt":"2025-02-18T18:07:57","slug":"anneta","status":"publish","type":"page","link":"https:\/\/keskerakond.ee\/ru\/anneta\/","title":{"rendered":"Anneta"},"content":{"rendered":"[vc_row type=&#187;in_container&#187; full_screen_row_position=&#187;middle&#187; column_margin=&#187;default&#187; column_direction=&#187;default&#187; column_direction_tablet=&#187;default&#187; column_direction_phone=&#187;default&#187; scene_position=&#187;center&#187; bottom_margin=&#187;50px&#187; text_color=&#187;dark&#187; text_align=&#187;left&#187; row_border_radius=&#187;none&#187; row_border_radius_applies=&#187;bg&#187; overflow=&#187;visible&#187; overlay_strength=&#187;0.3&#8243; gradient_direction=&#187;left_to_right&#187; enable_shape_divider=&#187;true&#187; shape_divider_color=&#187;#027743&#8243; shape_divider_position=&#187;top&#187; shape_divider_height=&#187;100px&#187; bg_image_animation=&#187;none&#187; gradient_type=&#187;default&#187; shape_type=&#187;waves_opacity_alt&#187;][vc_column column_padding=&#187;no-extra-padding&#187; column_padding_tablet=&#187;inherit&#187; column_padding_phone=&#187;inherit&#187; column_padding_position=&#187;all&#187; top_margin=&#187;100px&#187; column_element_direction_desktop=&#187;default&#187; column_element_spacing=&#187;default&#187; desktop_text_alignment=&#187;default&#187; tablet_text_alignment=&#187;default&#187; phone_text_alignment=&#187;default&#187; background_color_opacity=&#187;1&#8243; background_hover_color_opacity=&#187;1&#8243; column_backdrop_filter=&#187;none&#187; column_shadow=&#187;none&#187; column_border_radius=&#187;none&#187; column_link_target=&#187;_self&#187; column_position=&#187;default&#187; gradient_direction=&#187;left_to_right&#187; overlay_strength=&#187;0.3&#8243; width=&#187;1\/1&#8243; tablet_width_inherit=&#187;default&#187; animation_type=&#187;default&#187; bg_image_animation=&#187;none&#187; border_type=&#187;simple&#187; column_border_width=&#187;none&#187; column_border_style=&#187;solid&#187; column_padding_type=&#187;default&#187; gradient_type=&#187;default&#187;][vc_column_text css=&#187;&#187; text_direction=&#187;default&#187; _trns=&#187;eyJjb250ZW50IjoiNzI2M192Y19jb2x1bW5fdGV4dF80N2VjMzE4NyJ9&#8243;]\n<div class=\"wpb_text_column wpb_content_element \">\n<div class=\"wpb_wrapper\">\n<p>Iga annetus, olgu see v\u00e4ike v\u00f5i suur, on oluline ja aitab meil j\u00e4tkata t\u00f6\u00f6d, mis t\u00f5stab esile \u00fchiskonna vajadused ja v\u00e4\u00e4rtused. T\u00e4nu sinu panusele saame edasi viia oma p\u00f5him\u00f5tteid ja tagada, et Keskerakond seisab j\u00e4tkuvalt k\u00f5igi Eesti inimeste eest.<\/p>\n<p>T\u00e4name Sind usalduse ja toetuse eest!<\/p>\n<\/div>\n<\/div>\n[\/vc_column_text][\/vc_column][\/vc_row][vc_row type=&#187;in_container&#187; full_screen_row_position=&#187;middle&#187; column_margin=&#187;default&#187; column_direction=&#187;default&#187; column_direction_tablet=&#187;default&#187; column_direction_phone=&#187;default&#187; scene_position=&#187;center&#187; text_color=&#187;dark&#187; text_align=&#187;left&#187; row_border_radius=&#187;none&#187; row_border_radius_applies=&#187;bg&#187; overflow=&#187;visible&#187; overlay_strength=&#187;0.3&#8243; gradient_direction=&#187;left_to_right&#187; shape_divider_position=&#187;bottom&#187; bg_image_animation=&#187;none&#187;][vc_column column_padding=&#187;no-extra-padding&#187; column_padding_tablet=&#187;inherit&#187; column_padding_phone=&#187;inherit&#187; column_padding_position=&#187;all&#187; column_element_direction_desktop=&#187;default&#187; column_element_spacing=&#187;default&#187; centered_text=&#187;true&#187; desktop_text_alignment=&#187;center&#187; tablet_text_alignment=&#187;default&#187; phone_text_alignment=&#187;default&#187; background_color_opacity=&#187;1&#8243; background_hover_color_opacity=&#187;1&#8243; column_backdrop_filter=&#187;none&#187; column_shadow=&#187;none&#187; column_border_radius=&#187;none&#187; column_link_target=&#187;_self&#187; column_position=&#187;default&#187; gradient_direction=&#187;left_to_right&#187; overlay_strength=&#187;0.3&#8243; width=&#187;1\/1&#8243; tablet_width_inherit=&#187;default&#187; animation_type=&#187;default&#187; bg_image_animation=&#187;none&#187; border_type=&#187;simple&#187; column_border_width=&#187;none&#187; column_border_style=&#187;solid&#187; column_padding_type=&#187;default&#187; gradient_type=&#187;default&#187;][vc_column_text css=&#187;&#187; text_direction=&#187;default&#187; _trns=&#187;eyJjb250ZW50IjoiNzI2M192Y19jb2x1bW5fdGV4dF9kMGYyYThmMiJ9&#8243;]\n<h3>Annetama<\/h3>\n[\/vc_column_text][\/vc_column][\/vc_row][vc_row type=&#187;in_container&#187; full_screen_row_position=&#187;middle&#187; column_margin=&#187;default&#187; column_direction=&#187;default&#187; column_direction_tablet=&#187;default&#187; column_direction_phone=&#187;default&#187; scene_position=&#187;center&#187; top_margin=&#187;-25px&#187; text_color=&#187;dark&#187; text_align=&#187;center&#187; row_border_radius=&#187;none&#187; row_border_radius_applies=&#187;bg&#187; overflow=&#187;visible&#187; overlay_strength=&#187;0.3&#8243; gradient_direction=&#187;left_to_right&#187; shape_divider_position=&#187;bottom&#187; bg_image_animation=&#187;none&#187; gradient_type=&#187;default&#187; shape_type=&#187;&#187;][vc_column column_padding=&#187;no-extra-padding&#187; column_padding_tablet=&#187;inherit&#187; column_padding_phone=&#187;inherit&#187; column_padding_position=&#187;all&#187; column_element_direction_desktop=&#187;horizontal&#187; column_element_alignment=&#187;center&#187; column_element_spacing=&#187;5px&#187; centered_text=&#187;true&#187; desktop_text_alignment=&#187;center&#187; tablet_text_alignment=&#187;default&#187; phone_text_alignment=&#187;default&#187; background_color_opacity=&#187;1&#8243; background_hover_color_opacity=&#187;1&#8243; column_backdrop_filter=&#187;none&#187; column_shadow=&#187;none&#187; column_border_radius=&#187;none&#187; column_link_target=&#187;_self&#187; column_position=&#187;default&#187; gradient_direction=&#187;left_to_right&#187; overlay_strength=&#187;0.3&#8243; width=&#187;1\/1&#8243; tablet_width_inherit=&#187;default&#187; animation_type=&#187;default&#187; bg_image_animation=&#187;none&#187; border_type=&#187;simple&#187; column_border_width=&#187;none&#187; column_border_style=&#187;solid&#187; column_padding_type=&#187;default&#187; gradient_type=&#187;default&#187;][nectar_btn size=&#187;jumbo&#187; open_new_tab=&#187;true&#187; button_style=&#187;regular-tilt&#187; button_color=&#187;Accent-Color&#187; icon_family=&#187;none&#187; text=&#187;20 \u20ac&#187; url=&#187;https:\/\/payment.ecommerce.sebgroup.com\/lp\/ksnri5&#8243; _trns=&#187;eyJ0ZXh0IjoiNzI2M19uZWN0YXJfYnRuX2EwMDQxMTkyIn0=&#187;][nectar_btn size=&#187;jumbo&#187; open_new_tab=&#187;true&#187; button_style=&#187;regular-tilt&#187; button_color=&#187;Accent-Color&#187; icon_family=&#187;none&#187; text=&#187;50 \u20ac&#187; url=&#187;https:\/\/payment.ecommerce.sebgroup.com\/lp\/f85qdx&#187; _trns=&#187;eyJ0ZXh0IjoiNzI2M19uZWN0YXJfYnRuX2EwNDI5OTAwIn0=&#187;][nectar_btn size=&#187;jumbo&#187; open_new_tab=&#187;true&#187; button_style=&#187;regular-tilt&#187; button_color=&#187;Accent-Color&#187; icon_family=&#187;none&#187; text=&#187;100 \u20ac&#187; url=&#187;https:\/\/payment.ecommerce.sebgroup.com\/lp\/owchdv&#187; _trns=&#187;eyJ0ZXh0IjoiNzI2M19uZWN0YXJfYnRuX2YyM2FjOTk5In0=&#187;][nectar_btn size=&#187;jumbo&#187; open_new_tab=&#187;true&#187; button_style=&#187;regular-tilt&#187; button_color=&#187;Accent-Color&#187; icon_family=&#187;none&#187; text=&#187;Muu summa&#187; url=&#187;https:\/\/payment.ecommerce.sebgroup.com\/lp\/obt7pn&#187; css_animation=&#187;pulse&#187; _trns=&#187;eyJ0ZXh0IjoiNzI2M19uZWN0YXJfYnRuXzZjMDZlYTkwIn0=&#187;][\/vc_column][\/vc_row][vc_row type=&#187;in_container&#187; full_screen_row_position=&#187;middle&#187; column_margin=&#187;default&#187; column_direction=&#187;default&#187; column_direction_tablet=&#187;default&#187; column_direction_phone=&#187;default&#187; scene_position=&#187;center&#187; text_color=&#187;dark&#187; text_align=&#187;left&#187; row_border_radius=&#187;none&#187; row_border_radius_applies=&#187;bg&#187; overflow=&#187;visible&#187; overlay_strength=&#187;0.3&#8243; gradient_direction=&#187;left_to_right&#187; shape_divider_position=&#187;bottom&#187; bg_image_animation=&#187;none&#187;][vc_column column_padding=&#187;no-extra-padding&#187; column_padding_tablet=&#187;inherit&#187; column_padding_phone=&#187;inherit&#187; column_padding_position=&#187;all&#187; column_element_direction_desktop=&#187;default&#187; column_element_spacing=&#187;default&#187; desktop_text_alignment=&#187;default&#187; tablet_text_alignment=&#187;default&#187; phone_text_alignment=&#187;default&#187; background_color_opacity=&#187;1&#8243; background_hover_color_opacity=&#187;1&#8243; column_backdrop_filter=&#187;none&#187; column_shadow=&#187;none&#187; column_border_radius=&#187;none&#187; column_link_target=&#187;_self&#187; column_position=&#187;default&#187; gradient_direction=&#187;left_to_right&#187; overlay_strength=&#187;0.3&#8243; width=&#187;1\/1&#8243; tablet_width_inherit=&#187;default&#187; animation_type=&#187;default&#187; bg_image_animation=&#187;none&#187; border_type=&#187;simple&#187; column_border_width=&#187;none&#187; column_border_style=&#187;solid&#187;][vc_column_text css=&#187;&#187; text_direction=&#187;default&#187; _trns=&#187;eyJjb250ZW50IjoiNzI2M192Y19jb2x1bW5fdGV4dF83NmM1YTliNSJ9&#8243;]\n<div class=\"wpb_text_column wpb_content_element \">\n<div class=\"wpb_wrapper\">\n<p>&nbsp;<\/p>\n<\/div>\n<\/div>\n<div class=\"wpb_text_column wpb_content_element \">\n<div class=\"wpb_wrapper\">\n<h3>Meie arveldusarved<\/h3>\n<p><strong>SEB PANK<\/strong>\u00a0 \u00a0 \u00a0 \u00a0 \u00a0 \u00a0 EE411010002002425008<br \/>\n<strong>SWEDBANK<\/strong>\u00a0\u00a0\u00a0\u00a0\u00a0\u00a0\u00a0 EE462200221012021500<\/p>\n<p><strong>SAAJA<\/strong>: EESTI KESKERAKOND<br \/>\n<strong>SELGITUS<\/strong>: ANNETUS, ees- ja perekonnanimi, isikukood<\/p>\n<p>NB! Ilma nime ja isikukoodita annetused kanname isikule tagasi! Isik peab annetuse tegema oma isiklikult kontolt, teiste isikute eest annetuse tegemine ei ole seadusega lubatud!<\/p>\n<p>Kui Sa soovid toetada konkreetset Keskerakonna piirkonda siis leiad annetuse tegemiseks vajaliku arvelduskonto numbri piirkonna kontaktandmete juurest.<\/p>\n<p><a href=\"https:\/\/keskerakond.ee\/files\/Eesti_Keskerakonna_tegevuse_toetamiseks_tehtavate_annetuste_vastuvtmise_kord_juhatuse_otsus_08022021.pdf\" target=\"_blank\" rel=\"noopener\">Eesti Keskerakonna tegevuse toetamiseks tehtavate annetuste vastuv\u00f5tmise kord<\/a><\/p>\n<\/div>\n<\/div>\n[\/vc_column_text][\/vc_column][\/vc_row]\n","protected":false},"excerpt":{"rendered":"<p>[vc_row type=&#187;in_container&#187; full_screen_row_position=&#187;middle&#187; column_margin=&#187;default&#187; column_direction=&#187;default&#187; column_direction_tablet=&#187;default&#187; column_direction_phone=&#187;default&#187; scene_position=&#187;center&#187; bottom_margin=&#187;50px&#187; text_color=&#187;dark&#187; text_align=&#187;left&#187; row_border_radius=&#187;none&#187; row_border_radius_applies=&#187;bg&#187; overflow=&#187;visible&#187; overlay_strength=&#187;0.3&#8243; gradient_direction=&#187;left_to_right&#187; enable_shape_divider=&#187;true&#187; shape_divider_color=&#187;#027743&#8243; shape_divider_position=&#187;top&#187; shape_divider_height=&#187;100px&#187; bg_image_animation=&#187;none&#187; gradient_type=&#187;default&#187; shape_type=&#187;waves_opacity_alt&#187;][vc_column column_padding=&#187;no-extra-padding&#187; column_padding_tablet=&#187;inherit&#187; column_padding_phone=&#187;inherit&#187; column_padding_position=&#187;all&#187; top_margin=&#187;100px&#187; column_element_direction_desktop=&#187;default&#187; column_element_spacing=&#187;default&#187;&#8230;<\/p>\n","protected":false},"author":1,"featured_media":0,"parent":0,"menu_order":0,"comment_status":"closed","ping_status":"closed","template":"","meta":{"_acf_changed":false,"footnotes":""},"class_list":["post-7263","page","type-page","status-publish"],"acf":[],"_links":{"self":[{"href":"https:\/\/keskerakond.ee\/ru\/wp-json\/wp\/v2\/pages\/7263","targetHints":{"allow":["GET"]}}],"collection":[{"href":"https:\/\/keskerakond.ee\/ru\/wp-json\/wp\/v2\/pages"}],"about":[{"href":"https:\/\/keskerakond.ee\/ru\/wp-json\/wp\/v2\/types\/page"}],"author":[{"embeddable":true,"href":"https:\/\/keskerakond.ee\/ru\/wp-json\/wp\/v2\/users\/1"}],"replies":[{"embeddable":true,"href":"https:\/\/keskerakond.ee\/ru\/wp-json\/wp\/v2\/comments?post=7263"}],"version-history":[{"count":10,"href":"https:\/\/keskerakond.ee\/ru\/wp-json\/wp\/v2\/pages\/7263\/revisions"}],"predecessor-version":[{"id":7491,"href":"https:\/\/keskerakond.ee\/ru\/wp-json\/wp\/v2\/pages\/7263\/revisions\/7491"}],"wp:attachment":[{"href":"https:\/\/keskerakond.ee\/ru\/wp-json\/wp\/v2\/media?parent=7263"}],"curies":[{"name":"wp","href":"https:\/\/api.w.org\/{rel}","templated":true}]}}