{"id":7021,"date":"2024-12-11T18:19:46","date_gmt":"2024-12-11T16:19:46","guid":{"rendered":"https:\/\/keskerakond.ee\/?page_id=7021"},"modified":"2025-02-03T16:18:09","modified_gmt":"2025-02-03T14:18:09","slug":"keskerakonna-naiskogu-kena","status":"publish","type":"page","link":"https:\/\/keskerakond.ee\/ru\/inimesed\/kogud\/keskerakonna-naiskogu-kena\/","title":{"rendered":"Keskerakonna naiskogu KENA"},"content":{"rendered":"[vc_row type=&#187;full_width_background&#187; full_screen_row_position=&#187;middle&#187; column_margin=&#187;default&#187; column_direction=&#187;default&#187; column_direction_tablet=&#187;default&#187; column_direction_phone=&#187;default&#187; scene_position=&#187;center&#187; text_color=&#187;dark&#187; text_align=&#187;left&#187; row_border_radius=&#187;none&#187; row_border_radius_applies=&#187;bg&#187; overflow=&#187;visible&#187; overlay_strength=&#187;0.3&#8243; gradient_direction=&#187;left_to_right&#187; shape_divider_position=&#187;bottom&#187; bg_image_animation=&#187;none&#187; gradient_type=&#187;default&#187; shape_type=&#187;&#187;][vc_column column_padding=&#187;padding-20-percent&#187; column_padding_tablet=&#187;inherit&#187; column_padding_phone=&#187;inherit&#187; column_padding_position=&#187;top-bottom&#187; column_element_direction_desktop=&#187;default&#187; column_element_spacing=&#187;default&#187; desktop_text_alignment=&#187;default&#187; tablet_text_alignment=&#187;default&#187; phone_text_alignment=&#187;default&#187; background_color_opacity=&#187;1&#8243; background_hover_color_opacity=&#187;1&#8243; background_image=&#187;7022&#8243; background_image_position=&#187;center top&#187; background_image_stacking=&#187;default&#187; enable_bg_scale=&#187;true&#187; background_image_loading=&#187;default&#187; column_backdrop_filter=&#187;none&#187; column_shadow=&#187;none&#187; column_border_radius=&#187;10px&#187; column_link_target=&#187;_self&#187; column_position=&#187;default&#187; el_class=&#187;filter drop-shadow&#187; gradient_direction=&#187;left_to_right&#187; overlay_strength=&#187;0.3&#8243; width=&#187;1\/1&#8243; tablet_width_inherit=&#187;default&#187; animation_type=&#187;default&#187; bg_image_animation=&#187;none&#187; border_type=&#187;simple&#187; column_border_width=&#187;none&#187; column_border_style=&#187;solid&#187; column_padding_type=&#187;default&#187; gradient_type=&#187;default&#187;][split_line_heading animation_type=&#187;line-reveal-by-space&#187; font_style=&#187;h1&#8243; text_color=&#187;#ffffff&#187; fit_text_to_container=&#187;true&#187; line_reveal_by_space_text_effect=&#187;default&#187; content_alignment=&#187;default&#187; mobile_content_alignment=&#187;inherit&#187; link_target=&#187;_self&#187; text_content=&#187;Keskerakonna naiskogu KENA&#187; text_direction=&#187;default&#187; el_class=&#187;px-8 overflow-visible drop-shadow&#187; _trns=&#187;eyJ0ZXh0X2NvbnRlbnQiOiI3MDIxX3NwbGl0X2xpbmVfaGVhZGluZ19hYjM1YTc2NyJ9&#8243;][\/split_line_heading][\/vc_column][\/vc_row][vc_row type=&#187;in_container&#187; full_screen_row_position=&#187;middle&#187; column_margin=&#187;default&#187; column_direction=&#187;default&#187; column_direction_tablet=&#187;default&#187; column_direction_phone=&#187;default&#187; scene_position=&#187;center&#187; top_padding=&#187;40px&#187; text_color=&#187;dark&#187; text_align=&#187;left&#187; row_border_radius=&#187;none&#187; row_border_radius_applies=&#187;bg&#187; overflow=&#187;visible&#187; overlay_strength=&#187;0.3&#8243; gradient_direction=&#187;left_to_right&#187; shape_divider_position=&#187;bottom&#187; bg_image_animation=&#187;none&#187; gradient_type=&#187;default&#187; shape_type=&#187;&#187;][vc_column column_padding=&#187;no-extra-padding&#187; column_padding_tablet=&#187;inherit&#187; column_padding_phone=&#187;inherit&#187; column_padding_position=&#187;all&#187; column_element_direction_desktop=&#187;default&#187; column_element_spacing=&#187;default&#187; desktop_text_alignment=&#187;default&#187; tablet_text_alignment=&#187;default&#187; phone_text_alignment=&#187;default&#187; background_color_opacity=&#187;1&#8243; background_hover_color_opacity=&#187;1&#8243; column_backdrop_filter=&#187;none&#187; column_shadow=&#187;none&#187; column_border_radius=&#187;none&#187; column_link_target=&#187;_self&#187; column_position=&#187;default&#187; gradient_direction=&#187;left_to_right&#187; overlay_strength=&#187;0.3&#8243; width=&#187;1\/1&#8243; tablet_width_inherit=&#187;default&#187; animation_type=&#187;default&#187; bg_image_animation=&#187;none&#187; border_type=&#187;simple&#187; column_border_width=&#187;none&#187; column_border_style=&#187;solid&#187;][vc_column_text css=&#187;&#187; text_direction=&#187;default&#187; _trns=&#187;eyJjb250ZW50IjoiNzAyMV92Y19jb2x1bW5fdGV4dF80NDMyZWY4NyJ9&#8243;]\n<h2>Meie eesm\u00e4rgid<\/h2>\n<ul>\n<li>\u00dchiste seisukohtade kujundamine naistele olulistes poliitilistes k\u00fcsimustes;<\/li>\n<li>Osaleda Keskerakonna programmi ja poliitikate kujundamisel ja elluviimisel koost\u00f6\u00f6s Keskerakonna teiste struktuuri\u00fcksustega;<\/li>\n<li>Kaasa aidata kogu liikmete \u00fchistegevusele;<\/li>\n<li>Kogu liikmete tegevusvaldkonnast tulenevate \u00fchishuvide esindamine ja kaitsmine<\/li>\n<\/ul>\n<p><a href=\"https:\/\/vana.keskerakond.ee\/files\/KENA_phikiri_2020_1.pdf\">KENA p\u00f5hikiri<\/a><\/p>\n<p><a href=\"https:\/\/www.facebook.com\/groups\/208748909611663\">Facebooki grupp<\/a><\/p>\n<h2>Inimesed<\/h2>\n<p><strong>KENA president<\/strong><\/p>\n<p>Eha V\u00f5rk<\/p>\n<p><strong>Asepresidendid<\/strong><br \/>\n<strong>Ester Tuiksoo,<\/strong> v\u00e4lissuhted, L\u00f5una- ja Kagu-Eesti regioon<br \/>\n<strong>Elena Sapp,<\/strong> Kesk-Eesti regioon<br \/>\n<strong>Gert \u00dcprus Tarn,<\/strong> L\u00e4\u00e4ne-Eesti regioon (sh P\u00e4rnu ja saared)<br \/>\n<strong>Reet Trei,<\/strong> P\u00f5hja-Eesti regioon<\/p>\n<p>Naiskogu esindaja erakonna volikogus on <strong>Reet Trei.<\/strong><\/p>\n<p>&nbsp;<\/p>\n<p><strong>Juhatus Koosseis<\/strong><\/p>\n<p>Annika Rannamets, Elena Sapp, Erna Podanjova, Ester Tuiksoo, Gert \u00dcprus-Tarn, Greta Silberg, Heli Raevald, Lylian Altm\u00e4e, Mailis Reps, Manuela Pihlap, Reet Trei, Riina L\u00e4ll, Ruth J\u00fcrgens ja Teresa Kipper[\/vc_column_text][vc_row_inner column_margin=&#187;default&#187; column_direction=&#187;default&#187; column_direction_tablet=&#187;default&#187; column_direction_phone=&#187;default&#187; text_align=&#187;left&#187; row_position=&#187;default&#187; row_position_tablet=&#187;inherit&#187; row_position_phone=&#187;inherit&#187; overflow=&#187;visible&#187; pointer_events=&#187;all&#187;][vc_column_inner column_padding=&#187;no-extra-padding&#187; column_padding_tablet=&#187;inherit&#187; column_padding_phone=&#187;inherit&#187; column_padding_position=&#187;all&#187; column_element_direction_desktop=&#187;default&#187; column_element_spacing=&#187;default&#187; desktop_text_alignment=&#187;default&#187; tablet_text_alignment=&#187;default&#187; phone_text_alignment=&#187;default&#187; background_color_opacity=&#187;1&#8243; background_hover_color_opacity=&#187;1&#8243; column_backdrop_filter=&#187;none&#187; column_shadow=&#187;none&#187; column_border_radius=&#187;none&#187; column_link_target=&#187;_self&#187; overflow=&#187;visible&#187; gradient_direction=&#187;left_to_right&#187; overlay_strength=&#187;0.3&#8243; width=&#187;1\/1&#8243; tablet_width_inherit=&#187;default&#187; animation_type=&#187;default&#187; bg_image_animation=&#187;none&#187; border_type=&#187;simple&#187; column_border_width=&#187;none&#187; column_border_style=&#187;solid&#187;][\/vc_column_inner][\/vc_row_inner][\/vc_column][\/vc_row][vc_row type=&#187;in_container&#187; full_screen_row_position=&#187;middle&#187; column_margin=&#187;default&#187; column_direction=&#187;default&#187; column_direction_tablet=&#187;default&#187; column_direction_phone=&#187;default&#187; scene_position=&#187;center&#187; text_color=&#187;dark&#187; text_align=&#187;left&#187; row_border_radius=&#187;none&#187; row_border_radius_applies=&#187;bg&#187; overflow=&#187;visible&#187; overlay_strength=&#187;0.3&#8243; gradient_direction=&#187;left_to_right&#187; shape_divider_position=&#187;bottom&#187; bg_image_animation=&#187;none&#187;][vc_column column_padding=&#187;no-extra-padding&#187; column_padding_tablet=&#187;inherit&#187; column_padding_phone=&#187;inherit&#187; column_padding_position=&#187;all&#187; column_element_direction_desktop=&#187;default&#187; column_element_spacing=&#187;default&#187; desktop_text_alignment=&#187;default&#187; tablet_text_alignment=&#187;default&#187; phone_text_alignment=&#187;default&#187; background_color_opacity=&#187;1&#8243; background_hover_color_opacity=&#187;1&#8243; column_backdrop_filter=&#187;none&#187; column_shadow=&#187;none&#187; column_border_radius=&#187;none&#187; column_link_target=&#187;_self&#187; column_position=&#187;default&#187; gradient_direction=&#187;left_to_right&#187; overlay_strength=&#187;0.3&#8243; width=&#187;1\/1&#8243; tablet_width_inherit=&#187;default&#187; animation_type=&#187;default&#187; bg_image_animation=&#187;none&#187; border_type=&#187;simple&#187; column_border_width=&#187;none&#187; column_border_style=&#187;solid&#187;][image_with_animation image_size=&#187;full&#187; animation_type=&#187;entrance&#187; animation=&#187;None&#187; animation_movement_type=&#187;transform_y&#187; hover_animation=&#187;none&#187; alignment=&#187;&#187; border_radius=&#187;none&#187; box_shadow=&#187;none&#187; image_loading=&#187;default&#187; max_width=&#187;100%&#187; max_width_mobile=&#187;default&#187;][\/vc_column][\/vc_row]\n","protected":false},"excerpt":{"rendered":"<p>[vc_row type=&#187;full_width_background&#187; full_screen_row_position=&#187;middle&#187; column_margin=&#187;default&#187; column_direction=&#187;default&#187; column_direction_tablet=&#187;default&#187; column_direction_phone=&#187;default&#187; scene_position=&#187;center&#187; text_color=&#187;dark&#187; text_align=&#187;left&#187; row_border_radius=&#187;none&#187; row_border_radius_applies=&#187;bg&#187; overflow=&#187;visible&#187; overlay_strength=&#187;0.3&#8243; gradient_direction=&#187;left_to_right&#187; shape_divider_position=&#187;bottom&#187; bg_image_animation=&#187;none&#187; gradient_type=&#187;default&#187; shape_type=&#187;&#187;][vc_column column_padding=&#187;padding-20-percent&#187; column_padding_tablet=&#187;inherit&#187; column_padding_phone=&#187;inherit&#187; column_padding_position=&#187;top-bottom&#187; column_element_direction_desktop=&#187;default&#187; column_element_spacing=&#187;default&#187; desktop_text_alignment=&#187;default&#187; tablet_text_alignment=&#187;default&#187; phone_text_alignment=&#187;default&#187; background_color_opacity=&#187;1&#8243; background_hover_color_opacity=&#187;1&#8243;&#8230;<\/p>\n","protected":false},"author":1,"featured_media":7022,"parent":6145,"menu_order":0,"comment_status":"closed","ping_status":"closed","template":"","meta":{"_acf_changed":false,"footnotes":""},"class_list":["post-7021","page","type-page","status-publish","has-post-thumbnail"],"acf":[],"_links":{"self":[{"href":"https:\/\/keskerakond.ee\/ru\/wp-json\/wp\/v2\/pages\/7021","targetHints":{"allow":["GET"]}}],"collection":[{"href":"https:\/\/keskerakond.ee\/ru\/wp-json\/wp\/v2\/pages"}],"about":[{"href":"https:\/\/keskerakond.ee\/ru\/wp-json\/wp\/v2\/types\/page"}],"author":[{"embeddable":true,"href":"https:\/\/keskerakond.ee\/ru\/wp-json\/wp\/v2\/users\/1"}],"replies":[{"embeddable":true,"href":"https:\/\/keskerakond.ee\/ru\/wp-json\/wp\/v2\/comments?post=7021"}],"version-history":[{"count":11,"href":"https:\/\/keskerakond.ee\/ru\/wp-json\/wp\/v2\/pages\/7021\/revisions"}],"predecessor-version":[{"id":7253,"href":"https:\/\/keskerakond.ee\/ru\/wp-json\/wp\/v2\/pages\/7021\/revisions\/7253"}],"up":[{"embeddable":true,"href":"https:\/\/keskerakond.ee\/ru\/wp-json\/wp\/v2\/pages\/6145"}],"wp:featuredmedia":[{"embeddable":true,"href":"https:\/\/keskerakond.ee\/ru\/wp-json\/wp\/v2\/media\/7022"}],"wp:attachment":[{"href":"https:\/\/keskerakond.ee\/ru\/wp-json\/wp\/v2\/media?parent=7021"}],"curies":[{"name":"wp","href":"https:\/\/api.w.org\/{rel}","templated":true}]}}