{"id":6954,"date":"2024-11-24T19:48:20","date_gmt":"2024-11-24T17:48:20","guid":{"rendered":"https:\/\/keskerakond.ee\/?page_id=6954"},"modified":"2025-01-22T15:19:27","modified_gmt":"2025-01-22T13:19:27","slug":"liitumisavaldus","status":"publish","type":"page","link":"https:\/\/keskerakond.ee\/ru\/liitumisavaldus\/","title":{"rendered":"Liitumisavaldus"},"content":{"rendered":"[vc_row type=&#187;in_container&#187; full_screen_row_position=&#187;middle&#187; column_margin=&#187;default&#187; column_direction=&#187;default&#187; column_direction_tablet=&#187;default&#187; column_direction_phone=&#187;default&#187; scene_position=&#187;center&#187; text_color=&#187;dark&#187; text_align=&#187;left&#187; row_border_radius=&#187;none&#187; row_border_radius_applies=&#187;bg&#187; overflow=&#187;visible&#187; overlay_strength=&#187;0.3&#8243; gradient_direction=&#187;left_to_right&#187; shape_divider_position=&#187;bottom&#187; bg_image_animation=&#187;none&#187;][vc_column column_padding=&#187;no-extra-padding&#187; column_padding_tablet=&#187;inherit&#187; column_padding_phone=&#187;inherit&#187; column_padding_position=&#187;all&#187; column_element_direction_desktop=&#187;default&#187; column_element_spacing=&#187;default&#187; desktop_text_alignment=&#187;default&#187; tablet_text_alignment=&#187;default&#187; phone_text_alignment=&#187;default&#187; background_color_opacity=&#187;1&#8243; background_hover_color_opacity=&#187;1&#8243; column_backdrop_filter=&#187;none&#187; column_shadow=&#187;none&#187; column_border_radius=&#187;none&#187; column_link_target=&#187;_self&#187; column_position=&#187;default&#187; gradient_direction=&#187;left_to_right&#187; overlay_strength=&#187;0.3&#8243; width=&#187;1\/1&#8243; tablet_width_inherit=&#187;default&#187; animation_type=&#187;default&#187; bg_image_animation=&#187;none&#187; border_type=&#187;simple&#187; column_border_width=&#187;none&#187; column_border_style=&#187;solid&#187;][vc_column_text css=&#187;&#187; text_direction=&#187;default&#187; _trns=&#187;eyJjb250ZW50IjoiNjk1NF92Y19jb2x1bW5fdGV4dF8zMTNlZjMxMyJ9&#8243;]\n<h1>LIITU EESTI SUURIMA ERAKONNAGA!<\/h1>\n<p>Erakonnaga liitumiseks t\u00e4ida ja digiallkirjasta j\u00e4rgnev ankeet. Digiallkirjastamise j\u00e4rel saadetakse automaatselt Teile ja Keskerakonnale allkirjastatud dokumendi koopia.<\/p>\n<p>Kui ankeeti ei \u00f5nnestu t\u00e4ita ja digiallkirjastada, saate alla laadida ankeedi PDF vormis <a href=\"https:\/\/keskerakond.ee\/wp-content\/uploads\/2024\/11\/KE_avaldus_liikmeks_astumiseks_taidetav.pdf\">SIIT<\/a>. Seej\u00e4rel saatke (digi)allkirjastatud avaldus e-maili aadressile keskerakond@keskerakond.ee v\u00f5i postiga Narva mnt. 31-M1, Tallinn, 10120.[\/vc_column_text][\/vc_column][\/vc_row][vc_row type=&#187;in_container&#187; full_screen_row_position=&#187;middle&#187; column_margin=&#187;default&#187; column_direction=&#187;default&#187; column_direction_tablet=&#187;default&#187; column_direction_phone=&#187;default&#187; scene_position=&#187;center&#187; text_color=&#187;dark&#187; text_align=&#187;left&#187; row_border_radius=&#187;none&#187; row_border_radius_applies=&#187;bg&#187; overflow=&#187;visible&#187; overlay_strength=&#187;0.3&#8243; gradient_direction=&#187;left_to_right&#187; shape_divider_position=&#187;bottom&#187; bg_image_animation=&#187;none&#187;][vc_column column_padding=&#187;no-extra-padding&#187; column_padding_tablet=&#187;inherit&#187; column_padding_phone=&#187;inherit&#187; column_padding_position=&#187;all&#187; column_element_direction_desktop=&#187;default&#187; column_element_spacing=&#187;default&#187; desktop_text_alignment=&#187;default&#187; tablet_text_alignment=&#187;default&#187; phone_text_alignment=&#187;default&#187; background_color_opacity=&#187;1&#8243; background_hover_color_opacity=&#187;1&#8243; column_backdrop_filter=&#187;none&#187; column_shadow=&#187;none&#187; column_border_radius=&#187;none&#187; column_link_target=&#187;_self&#187; column_position=&#187;default&#187; gradient_direction=&#187;left_to_right&#187; overlay_strength=&#187;0.3&#8243; width=&#187;1\/1&#8243; tablet_width_inherit=&#187;default&#187; animation_type=&#187;default&#187; bg_image_animation=&#187;none&#187; border_type=&#187;simple&#187; column_border_width=&#187;none&#187; column_border_style=&#187;solid&#187;][\/vc_column][\/vc_row][vc_row type=&#187;in_container&#187; full_screen_row_position=&#187;middle&#187; column_margin=&#187;default&#187; column_direction=&#187;default&#187; column_direction_tablet=&#187;default&#187; column_direction_phone=&#187;default&#187; scene_position=&#187;center&#187; text_color=&#187;dark&#187; text_align=&#187;left&#187; row_border_radius=&#187;none&#187; row_border_radius_applies=&#187;bg&#187; overflow=&#187;visible&#187; overlay_strength=&#187;0.3&#8243; gradient_direction=&#187;left_to_right&#187; shape_divider_position=&#187;bottom&#187; bg_image_animation=&#187;none&#187;][vc_column column_padding=&#187;no-extra-padding&#187; column_padding_tablet=&#187;inherit&#187; column_padding_phone=&#187;inherit&#187; column_padding_position=&#187;all&#187; column_element_direction_desktop=&#187;default&#187; column_element_spacing=&#187;default&#187; desktop_text_alignment=&#187;default&#187; tablet_text_alignment=&#187;default&#187; phone_text_alignment=&#187;default&#187; background_color_opacity=&#187;1&#8243; background_hover_color_opacity=&#187;1&#8243; column_backdrop_filter=&#187;none&#187; column_shadow=&#187;none&#187; column_border_radius=&#187;none&#187; column_link_target=&#187;_self&#187; column_position=&#187;default&#187; gradient_direction=&#187;left_to_right&#187; overlay_strength=&#187;0.3&#8243; width=&#187;1\/1&#8243; tablet_width_inherit=&#187;default&#187; animation_type=&#187;default&#187; bg_image_animation=&#187;none&#187; border_type=&#187;simple&#187; column_border_width=&#187;none&#187; column_border_style=&#187;solid&#187;]\n<div class=\"wpcf7 no-js\" id=\"wpcf7-f6960-o1\" lang=\"et\" dir=\"ltr\" data-wpcf7-id=\"6960\">\n<div class=\"screen-reader-response\"><p role=\"status\" aria-live=\"polite\" aria-atomic=\"true\"><\/p> <ul><\/ul><\/div>\n<form action=\"\/ru\/wp-json\/wp\/v2\/pages\/6954#wpcf7-f6960-o1\" method=\"post\" class=\"wpcf7-form init\" aria-label=\"Contact form\" novalidate=\"novalidate\" data-status=\"init\">\n<fieldset class=\"hidden-fields-container\"><input type=\"hidden\" name=\"_wpcf7\" value=\"6960\" \/><input type=\"hidden\" name=\"_wpcf7_version\" value=\"6.1.5\" \/><input type=\"hidden\" name=\"_wpcf7_locale\" value=\"et\" \/><input type=\"hidden\" name=\"_wpcf7_unit_tag\" value=\"wpcf7-f6960-o1\" \/><input type=\"hidden\" name=\"_wpcf7_container_post\" value=\"0\" \/><input type=\"hidden\" name=\"_wpcf7_posted_data_hash\" value=\"\" \/><input type=\"hidden\" name=\"redirect_nonce\" value=\"7b0eea6cbb\" \/><input type=\"hidden\" name=\"wpcf7cfpdf_hidden_name\" value=\"liitumisavaldus-date\" \/><input type=\"hidden\" name=\"wpcf7cfpdf_hidden_reference\" value=\"c34e068d\" \/><input type=\"hidden\" name=\"wpcf7cfpdf_hidden_date\" value=\"6.mai2026\" \/>\n<\/fieldset>\n<div class=\"grid grid-cols-2 gap-6 mb-4\">\n\t<div>\n\t\t<p><label>{lang et}Eesnimi{\/lang}{lang en_US}First Name{\/lang}{lang ru_RU}\u0418\u043c\u044f{\/lang}<\/label><br \/>\n<span class=\"wpcf7-form-control-wrap\" data-name=\"name-first\"><input size=\"40\" maxlength=\"400\" class=\"wpcf7-form-control wpcf7-text wpcf7-validates-as-required input-field\" autocomplete=\"first-name\" aria-required=\"true\" aria-invalid=\"false\" value=\"\" type=\"text\" name=\"name-first\" \/><\/span>\n\t\t<\/p>\n\t<\/div>\n\t<div>\n\t\t<p><label>{lang et}Perenimi{\/lang}{lang en_US}Last Name{\/lang}{lang ru_RU}\u0424\u0430\u043c\u0438\u043b\u0438\u044f{\/lang}<\/label><br \/>\n<span class=\"wpcf7-form-control-wrap\" data-name=\"name-last\"><input size=\"40\" maxlength=\"400\" class=\"wpcf7-form-control wpcf7-text wpcf7-validates-as-required input-field\" autocomplete=\"family-name\" aria-required=\"true\" aria-invalid=\"false\" value=\"\" type=\"text\" name=\"name-last\" \/><\/span>\n\t\t<\/p>\n\t<\/div>\n<\/div>\n<div class=\"grid grid-cols-2 gap-6 mb-4\">\n\t<div>\n\t\t<p><label>{lang et}Isikukood{\/lang}{lang en_US}Personal ID Code{\/lang}{lang ru_RU}\u041b\u0438\u0447\u043d\u044b\u0439 \u043a\u043e\u0434{\/lang}<\/label><br \/>\n<span class=\"wpcf7-form-control-wrap\" data-name=\"isikukood\"><input size=\"40\" maxlength=\"12\" minlength=\"9\" class=\"wpcf7-form-control wpcf7-text wpcf7-validates-as-required input-field\" aria-required=\"true\" aria-invalid=\"false\" value=\"\" type=\"text\" name=\"isikukood\" \/><\/span>\n\t\t<\/p>\n\t<\/div>\n\t<div>\n\t\t<p><label>{lang et}ID-kaardi v\u00f5i passi number{\/lang}{lang en_US}ID Card or Passport{\/lang}{lang ru_RU}\u041d\u043e\u043c\u0435\u0440 ID-\u043a\u0430\u0440\u0442\u044b \u0438\u043b\u0438 \u043f\u0430\u0441\u043f\u043e\u0440\u0442\u0430{\/lang}<\/label><br \/>\n<span class=\"wpcf7-form-control-wrap\" data-name=\"dokumendi-number\"><input size=\"40\" maxlength=\"400\" class=\"wpcf7-form-control wpcf7-text input-field\" aria-invalid=\"false\" value=\"\" type=\"text\" name=\"dokumendi-number\" \/><\/span>\n\t\t<\/p>\n\t<\/div>\n<\/div>\n<div class=\"grid grid-cols-2 gap-6 mb-4\">\n\t<div>\n\t\t<p><label>{lang et}Email{\/lang}{lang en_US}Email{\/lang}{lang ru_RU}\u042d\u043b\u0435\u043a\u0442\u0440\u043e\u043d\u043d\u0430\u044f \u043f\u043e\u0447\u0442\u0430{\/lang}<\/label><br \/>\n<span class=\"wpcf7-form-control-wrap\" data-name=\"email\"><input size=\"40\" maxlength=\"400\" class=\"wpcf7-form-control wpcf7-email wpcf7-validates-as-required wpcf7-text wpcf7-validates-as-email input-field\" autocomplete=\"email\" aria-required=\"true\" aria-invalid=\"false\" value=\"\" type=\"email\" name=\"email\" \/><\/span>\n\t\t<\/p>\n\t<\/div>\n\t<div>\n\t\t<p><label>{lang et}Telefoninumber{\/lang}{lang en_US}Phone Number{\/lang}{lang ru_RU}\u041d\u043e\u043c\u0435\u0440 \u0442\u0435\u043b\u0435\u0444\u043e\u043d\u0430{\/lang}<\/label><br \/>\n<span class=\"wpcf7-form-control-wrap\" data-name=\"telefon\"><input size=\"40\" maxlength=\"400\" class=\"wpcf7-form-control wpcf7-tel wpcf7-validates-as-required wpcf7-text wpcf7-validates-as-tel input-field\" aria-required=\"true\" aria-invalid=\"false\" value=\"\" type=\"tel\" name=\"telefon\" \/><\/span>\n\t\t<\/p>\n\t<\/div>\n<\/div>\n<h3>{lang et}Elukoht{\/lang}{lang en_US}Residence{\/lang}{lang ru_RU}\u041c\u0435\u0441\u0442\u043e \u0436\u0438\u0442\u0435\u043b\u044c\u0441\u0442\u0432\u0430{\/lang}\n<\/h3>\n<p><label>{lang et}Aadress{\/lang}{lang en_US}Address{\/lang}{lang ru_RU}\u0410\u0434\u0440\u0435\u0441{\/lang}<\/label><br \/>\n<span class=\"wpcf7-form-control-wrap\" data-name=\"elukoha-aadress\"><input size=\"40\" maxlength=\"400\" class=\"wpcf7-form-control wpcf7-text wpcf7-validates-as-required input-field\" aria-required=\"true\" aria-invalid=\"false\" value=\"\" type=\"text\" name=\"elukoha-aadress\" \/><\/span>\n<\/p>\n<div class=\"grid grid-cols-3 gap-6 mb-4\">\n\t<div>\n\t\t<p><label>{lang et}Maakond{\/lang}{lang en_US}County{\/lang}{lang ru_RU}\u0423\u0435\u0437\u0434{\/lang}<\/label><br \/>\n<span class=\"wpcf7-form-control-wrap\" data-name=\"elukoht-maakond\"><select class=\"wpcf7-form-control wpcf7-select wpcf7-validates-as-required\" aria-required=\"true\" aria-invalid=\"false\" name=\"elukoht-maakond\"><option value=\"Harju maakond\">Harju maakond<\/option><option value=\"Hiiu maakond\">Hiiu maakond<\/option><option value=\"Ida-Viru maakond\">Ida-Viru maakond<\/option><option value=\"J\u00f5geva maakond\">J\u00f5geva maakond<\/option><option value=\"J\u00e4rva maakond\">J\u00e4rva maakond<\/option><option value=\"L\u00e4\u00e4ne maakond\">L\u00e4\u00e4ne maakond<\/option><option value=\"L\u00e4\u00e4ne-Viru maakond\">L\u00e4\u00e4ne-Viru maakond<\/option><option value=\"P\u00f5lva maakond\">P\u00f5lva maakond<\/option><option value=\"P\u00e4rnu maakond\">P\u00e4rnu maakond<\/option><option value=\"Rapla maakond\">Rapla maakond<\/option><option value=\"Saare maakond\">Saare maakond<\/option><option value=\"Tartu maakond\">Tartu maakond<\/option><option value=\"Valga maakond\">Valga maakond<\/option><option value=\"Viljandi maakond\">Viljandi maakond<\/option><option value=\"V\u00f5ru maakond\">V\u00f5ru maakond<\/option><\/select><\/span>\n\t\t<\/p>\n\t<\/div>\n\t<div>\n\t\t<p><label>{lang et}Linn v\u00f5i vald{\/lang}{lang en_US}City{\/lang}{lang ru_RU}\u0413\u043e\u0440\u043e\u0434{\/lang}<\/label><br \/>\n<span class=\"wpcf7-form-control-wrap\" data-name=\"elukoha-linn-vald\"><input size=\"40\" maxlength=\"400\" class=\"wpcf7-form-control wpcf7-text wpcf7-validates-as-required input-field\" aria-required=\"true\" aria-invalid=\"false\" value=\"\" type=\"text\" name=\"elukoha-linn-vald\" \/><\/span>\n\t\t<\/p>\n\t<\/div>\n\t<div>\n\t\t<p><label>{lang et}Postiindeks{\/lang}{lang en_US}Postal Code{\/lang}{lang ru_RU}\u041f\u043e\u0447\u0442\u043e\u0432\u044b\u0439 \u0438\u043d\u0434\u0435\u043a\u0441{\/lang}<\/label><br \/>\n<span class=\"wpcf7-form-control-wrap\" data-name=\"elukoha-postiindeks\"><input class=\"wpcf7-form-control wpcf7-number wpcf7-validates-as-required wpcf7-validates-as-number input-field\" aria-required=\"true\" aria-invalid=\"false\" value=\"\" type=\"number\" name=\"elukoha-postiindeks\" \/><\/span>\n\t\t<\/p>\n\t<\/div>\n<\/div>\n<h3>{lang et}Muu info{\/lang}{lang en_US}Other Information{\/lang}{lang ru_RU}\u041f\u0440\u043e\u0447\u0430\u044f \u0438\u043d\u0444\u043e\u0440\u043c\u0430\u0446\u0438\u044f{\/lang}\n<\/h3>\n<p><label>{lang et}Suhtluskeeled{\/lang}{lang en_US}Languages{\/lang}{lang ru_RU}\u042f\u0437\u044b\u043a\u0438 \u043e\u0431\u0449\u0435\u043d\u0438\u044f{\/lang}<\/label><br \/>\n<span class=\"wpcf7-form-control-wrap\" data-name=\"keeled\"><span class=\"wpcf7-form-control wpcf7-checkbox wpcf7-validates-as-required flex flex-row\"><span class=\"wpcf7-list-item first\"><input type=\"checkbox\" name=\"keeled[]\" value=\"Eesti\" \/><span class=\"wpcf7-list-item-label\">Eesti<\/span><\/span><span class=\"wpcf7-list-item\"><input type=\"checkbox\" name=\"keeled[]\" value=\"Vene\" \/><span class=\"wpcf7-list-item-label\">Vene<\/span><\/span><span class=\"wpcf7-list-item\"><input type=\"checkbox\" name=\"keeled[]\" value=\"Inglise\" \/><span class=\"wpcf7-list-item-label\">Inglise<\/span><\/span><span class=\"wpcf7-list-item last has-free-text\"><input type=\"checkbox\" name=\"keeled[]\" value=\"Muu\" \/><span class=\"wpcf7-list-item-label\">Muu<\/span> <input type=\"text\" name=\"_wpcf7_free_text_keeled\" class=\"wpcf7-free-text\" \/><\/span><\/span><\/span>\n<\/p>\n<div class=\"grid grid-cols-2 gap-6 mb-4\">\n\t<div>\n\t\t<p><label>{lang et}Haridus{\/lang}{lang en_US}Education{\/lang}{lang ru_RU}\u041e\u0431\u0440\u0430\u0437\u043e\u0432\u0430\u043d\u0438\u0435{\/lang}<\/label><br \/>\n<span class=\"wpcf7-form-control-wrap\" data-name=\"haridus\"><input size=\"40\" maxlength=\"400\" class=\"wpcf7-form-control wpcf7-text wpcf7-validates-as-required input-field\" aria-required=\"true\" aria-invalid=\"false\" value=\"\" type=\"text\" name=\"haridus\" \/><\/span>\n\t\t<\/p>\n\t<\/div>\n\t<div>\n\t\t<p><label>{lang et}Hariduse l\u00f5petamise aasta{\/lang}{lang en_US}Year of Graduation{\/lang}{lang ru_RU}\u0413\u043e\u0434 \u043e\u043a\u043e\u043d\u0447\u0430\u043d\u0438\u044f{\/lang}<\/label><br \/>\n<span class=\"wpcf7-form-control-wrap\" data-name=\"haridus-aasta\"><input class=\"wpcf7-form-control wpcf7-number wpcf7-validates-as-number input-field\" min=\"1900\" max=\"2099\" aria-invalid=\"false\" value=\"\" type=\"number\" name=\"haridus-aasta\" \/><\/span>\n\t\t<\/p>\n\t<\/div>\n<\/div>\n<div class=\"mb-4\">\n\t<p><label>{lang et}T\u00f6\u00f6koht{\/lang}{lang en_US}Workplace{\/lang}{lang ru_RU}\u041c\u0435\u0441\u0442\u043e \u0440\u0430\u0431\u043e\u0442\u044b{\/lang}<\/label><br \/>\n<span class=\"wpcf7-form-control-wrap\" data-name=\"tookoht\"><input size=\"40\" maxlength=\"400\" class=\"wpcf7-form-control wpcf7-text wpcf7-validates-as-required\" aria-required=\"true\" aria-invalid=\"false\" placeholder=\"n\u00e4iteks O\u00dc KoduPagar, FIE, Tartu \u00fclikool\" value=\"\" type=\"text\" name=\"tookoht\" \/><\/span>\n\t<\/p>\n<\/div>\n<div class=\"mb-4\">\n\t<p><label>{lang et}Amet{\/lang}{lang en_US}Position{\/lang}{lang ru_RU}\u0414\u043e\u043b\u0436\u043d\u043e\u0441\u0442\u044c{\/lang}<\/label><br \/>\n<span class=\"wpcf7-form-control-wrap\" data-name=\"amet\"><input size=\"40\" maxlength=\"400\" class=\"wpcf7-form-control wpcf7-text wpcf7-validates-as-required\" aria-required=\"true\" aria-invalid=\"false\" placeholder=\"n\u00e4iteks pagar, elektrik, graafiline disainer\" value=\"\" type=\"text\" name=\"amet\" \/><\/span>\n\t<\/p>\n<\/div>\n<p><label>{lang et}Osalemine valitavates organites{\/lang}{lang en_US}Participation in elected bodies{\/lang}{lang ru_RU}\u0423\u0447\u0430\u0441\u0442\u0438\u0435 \u0432 \u0432\u044b\u0431\u043e\u0440\u043d\u044b\u0445 \u043e\u0440\u0433\u0430\u043d\u0430\u0445{\/lang}<\/label><br \/>\n<span class=\"wpcf7-form-control-wrap\" data-name=\"valitavad-organid\"><input size=\"40\" maxlength=\"400\" class=\"wpcf7-form-control wpcf7-text input-field\" aria-invalid=\"false\" value=\"\" type=\"text\" name=\"valitavad-organid\" \/><\/span>\n<\/p>\n<p><label>{lang et}Kas oled olnud m\u00f5ne erakonna liige?{\/lang}{lang en_US}Member of political party?{\/lang}{lang ru_RU}\u0427\u043b\u0435\u043d \u043f\u0430\u0440\u0442\u0438\u0438?{\/lang}<\/label><br \/>\n<span class=\"wpcf7-form-control-wrap\" data-name=\"juba-erakonnas\"><span class=\"wpcf7-form-control wpcf7-checkbox wpcf7-validates-as-required wpcf7-exclusive-checkbox flex flex-row\"><span class=\"wpcf7-list-item first\"><input type=\"checkbox\" name=\"juba-erakonnas\" value=\"Ei\" \/><span class=\"wpcf7-list-item-label\">Ei<\/span><\/span><span class=\"wpcf7-list-item last\"><input type=\"checkbox\" name=\"juba-erakonnas\" value=\"Jah\" \/><span class=\"wpcf7-list-item-label\">Jah<\/span><\/span><\/span><\/span>\n<\/p>\n<p><label>{lang et}Osalen veel j\u00e4rgmistes organisatsioonides{\/lang}{lang en_US}Other organizations{\/lang}{lang ru_RU}\u0414\u0440\u0443\u0433\u0438\u0435 \u043e\u0440\u0433\u0430\u043d\u0438\u0437\u0430\u0446\u0438\u0438{\/lang}<\/label><br \/>\n<span class=\"wpcf7-form-control-wrap\" data-name=\"teised-organisatsioonid\"><textarea cols=\"40\" rows=\"10\" maxlength=\"2000\" class=\"wpcf7-form-control wpcf7-textarea input-field\" aria-invalid=\"false\" name=\"teised-organisatsioonid\"><\/textarea><\/span>\n<\/p>\n<p><span class=\"wpcf7-form-control-wrap\" data-name=\"kinnitus-kriminaalasi\"><span class=\"wpcf7-form-control wpcf7-acceptance\"><span class=\"wpcf7-list-item\"><label><input type=\"checkbox\" name=\"kinnitus-kriminaalasi\" value=\"1\" aria-invalid=\"false\" \/><span class=\"wpcf7-list-item-label\">{lang et}Kinnitan, et minu suhtes ei ole kriminaalasjas s\u00fc\u00fcdim\u00f5istvat kohtuotsust{\/lang}{lang en_US}I confirm no criminal convictions{\/lang}{lang ru_RU}\u041f\u043e\u0434\u0442\u0432\u0435\u0440\u0436\u0434\u0430\u044e \u043e\u0442\u0441\u0443\u0442\u0441\u0442\u0432\u0438\u0435 \u0441\u0443\u0434\u0438\u043c\u043e\u0441\u0442\u0438{\/lang}<\/span><\/label><\/span><\/span><\/span>\n<\/p>\n<p><span class=\"wpcf7-form-control-wrap\" data-name=\"kinnitus-pohikiri\"><span class=\"wpcf7-form-control wpcf7-acceptance\"><span class=\"wpcf7-list-item\"><label><input type=\"checkbox\" name=\"kinnitus-pohikiri\" value=\"1\" aria-invalid=\"false\" \/><span class=\"wpcf7-list-item-label\">{lang et}Kinnitan, et olen tutvunud p\u00f5hikirjaga{\/lang}{lang en_US}I agree with the statute{\/lang}{lang ru_RU}\u041f\u043e\u0434\u0442\u0432\u0435\u0440\u0436\u0434\u0430\u044e \u043e\u0437\u043d\u0430\u043a\u043e\u043c\u043b\u0435\u043d\u0438\u0435 \u0441 \u0443\u0441\u0442\u0430\u0432\u043e\u043c{\/lang}<\/span><\/label><\/span><\/span><\/span>\n<\/p>\n<p><span class=\"wpcf7-form-control-wrap\" data-name=\"kinnitan-meililist\"><span class=\"wpcf7-form-control wpcf7-acceptance optional\"><span class=\"wpcf7-list-item\"><label><input type=\"checkbox\" name=\"kinnitan-meililist\" value=\"1\" aria-invalid=\"false\" \/><span class=\"wpcf7-list-item-label\">{lang et}Soovin liituda meililistiga{\/lang}{lang en_US}Join mailing list{\/lang}{lang ru_RU}\u041f\u0440\u0438\u0441\u043e\u0435\u0434\u0438\u043d\u0438\u0442\u044c\u0441\u044f \u043a \u0440\u0430\u0441\u0441\u044b\u043b\u043a\u0435{\/lang}<\/span><\/label><\/span><\/span><\/span>\n<\/p>\n<p><input class=\"wpcf7-form-control wpcf7-submit has-spinner btn-primary\" type=\"submit\" value=\"{lang et}Esita ja digiallkirjasta{\/lang}{lang en_US}Submit{\/lang}{lang ru_RU}\u041e\u0442\u043f\u0440\u0430\u0432\u0438\u0442\u044c{\/lang}\" \/>\n<\/p><div class=\"wpcf7-response-output\" aria-hidden=\"true\"><\/div>\n<\/form>\n<\/div>\n[\/vc_column][\/vc_row]\n","protected":false},"excerpt":{"rendered":"<p>[vc_row type=&#187;in_container&#187; full_screen_row_position=&#187;middle&#187; column_margin=&#187;default&#187; column_direction=&#187;default&#187; column_direction_tablet=&#187;default&#187; column_direction_phone=&#187;default&#187; scene_position=&#187;center&#187; text_color=&#187;dark&#187; text_align=&#187;left&#187; row_border_radius=&#187;none&#187; row_border_radius_applies=&#187;bg&#187; overflow=&#187;visible&#187; overlay_strength=&#187;0.3&#8243; gradient_direction=&#187;left_to_right&#187; shape_divider_position=&#187;bottom&#187; bg_image_animation=&#187;none&#187;][vc_column column_padding=&#187;no-extra-padding&#187; column_padding_tablet=&#187;inherit&#187; column_padding_phone=&#187;inherit&#187; column_padding_position=&#187;all&#187; column_element_direction_desktop=&#187;default&#187; column_element_spacing=&#187;default&#187; desktop_text_alignment=&#187;default&#187; tablet_text_alignment=&#187;default&#187; phone_text_alignment=&#187;default&#187; background_color_opacity=&#187;1&#8243; background_hover_color_opacity=&#187;1&#8243; column_backdrop_filter=&#187;none&#187; column_shadow=&#187;none&#187;&#8230;<\/p>\n","protected":false},"author":1,"featured_media":0,"parent":0,"menu_order":0,"comment_status":"closed","ping_status":"closed","template":"","meta":{"_acf_changed":false,"footnotes":""},"class_list":["post-6954","page","type-page","status-publish"],"acf":[],"_links":{"self":[{"href":"https:\/\/keskerakond.ee\/ru\/wp-json\/wp\/v2\/pages\/6954","targetHints":{"allow":["GET"]}}],"collection":[{"href":"https:\/\/keskerakond.ee\/ru\/wp-json\/wp\/v2\/pages"}],"about":[{"href":"https:\/\/keskerakond.ee\/ru\/wp-json\/wp\/v2\/types\/page"}],"author":[{"embeddable":true,"href":"https:\/\/keskerakond.ee\/ru\/wp-json\/wp\/v2\/users\/1"}],"replies":[{"embeddable":true,"href":"https:\/\/keskerakond.ee\/ru\/wp-json\/wp\/v2\/comments?post=6954"}],"version-history":[{"count":9,"href":"https:\/\/keskerakond.ee\/ru\/wp-json\/wp\/v2\/pages\/6954\/revisions"}],"predecessor-version":[{"id":12843,"href":"https:\/\/keskerakond.ee\/ru\/wp-json\/wp\/v2\/pages\/6954\/revisions\/12843"}],"wp:attachment":[{"href":"https:\/\/keskerakond.ee\/ru\/wp-json\/wp\/v2\/media?parent=6954"}],"curies":[{"name":"wp","href":"https:\/\/api.w.org\/{rel}","templated":true}]}}