{"id":6293,"date":"2024-09-29T11:02:52","date_gmt":"2024-09-29T11:02:52","guid":{"rendered":"http:\/\/18.184.32.225\/?page_id=6293"},"modified":"2025-01-22T14:27:20","modified_gmt":"2025-01-22T12:27:20","slug":"meediale","status":"publish","type":"page","link":"https:\/\/keskerakond.ee\/ru\/erakonnast\/meediale\/","title":{"rendered":"Meediale"},"content":{"rendered":"[vc_row type=&#187;in_container&#187; full_screen_row_position=&#187;middle&#187; column_margin=&#187;default&#187; column_direction=&#187;default&#187; column_direction_tablet=&#187;default&#187; column_direction_phone=&#187;default&#187; scene_position=&#187;center&#187; text_color=&#187;dark&#187; text_align=&#187;left&#187; row_border_radius=&#187;none&#187; row_border_radius_applies=&#187;bg&#187; overflow=&#187;visible&#187; overlay_strength=&#187;0.3&#8243; gradient_direction=&#187;left_to_right&#187; shape_divider_position=&#187;bottom&#187; bg_image_animation=&#187;none&#187;][vc_column column_padding=&#187;no-extra-padding&#187; column_padding_tablet=&#187;inherit&#187; column_padding_phone=&#187;inherit&#187; column_padding_position=&#187;all&#187; column_element_direction_desktop=&#187;default&#187; column_element_spacing=&#187;default&#187; desktop_text_alignment=&#187;default&#187; tablet_text_alignment=&#187;default&#187; phone_text_alignment=&#187;default&#187; background_color_opacity=&#187;1&#8243; background_hover_color_opacity=&#187;1&#8243; column_backdrop_filter=&#187;none&#187; column_shadow=&#187;none&#187; column_border_radius=&#187;none&#187; column_link_target=&#187;_self&#187; column_position=&#187;default&#187; gradient_direction=&#187;left_to_right&#187; overlay_strength=&#187;0.3&#8243; width=&#187;1\/1&#8243; tablet_width_inherit=&#187;default&#187; animation_type=&#187;default&#187; bg_image_animation=&#187;none&#187; border_type=&#187;simple&#187; column_border_width=&#187;none&#187; column_border_style=&#187;solid&#187;][vc_column_text css=&#187;&#187; text_direction=&#187;default&#187; _trns=&#187;eyJjb250ZW50IjoiNjI5M192Y19jb2x1bW5fdGV4dF9kNGU3MmMwNCJ9&#8243;]\n<h1>Kontakt<\/h1>\n[\/vc_column_text]<!-- Parsed and cached: {\"time\":\"2025-04-23 16:28:13\",\"type\":\"tangible_template\",\"id\":6993} -->\n<div class=\"memberbox\">\r\n  \r\n    \r\n  \r\n    \r\n  \r\n    \r\n  \r\n    \r\n  \r\n    \r\n  \r\n    \r\n  \r\n    \r\n      <div class=\"team-member-custom-container\">\r\n        <style data-name=\"tangible-template-inline-style\">.nectar-modal .bottom_meta{display:flex;flex-direction:column;align-items:start;margin-top:20px}.nectar-modal .bottom_meta i.fa{text-align:left}.nectar-modal .bottom_meta>a{padding:10px !important}<\/style>\r\n\r\n\r\n<div class=\"team-member\" data-style=\"bio_fullscreen_alt\">\r\n  <div class=\"team-member-image\">\r\n    <div class=\"team-member-image-inner\">\r\n      <img decoding=\"async\" src=\"https:\/\/keskerakond.ee\/wp-content\/uploads\/2024\/11\/Andres-Kalvik.png\" \/>\r\n    <\/div>\r\n  <\/div>\r\n  <div class=\"team-member-overlay\"><\/div>\r\n  <div class=\"team-meta\">\r\n    <h5>\r\n      \r\n        \r\n            \r\n          \r\n        \r\n        \r\n    <\/h5>\r\n    <h3>\r\n      \r\n        \u0410\u043d\u0434\u0440\u0435\u0441 \u041a\u0430\u043b\u044c\u0432\u0438\u043a\r\n        \r\n    <\/h3>\r\n    <div class=\"nectar-cta loaded\" data-color=\"default\" data-using-bg=\"false\" data-style=\"arrow-animation\" data-display=\"block\" data-alignment=\"left\"><span class=\"link_wrap\"><a class=\"link_text\" href=\"#\"><svg class=\"next-arrow\" width=\"20px\" height=\"25px\" viewBox=\"0 0 50 80\" xml:space=\"preserve\">\r\n            <polyline stroke=\"0\" stroke-width=\"9\" fill=\"none\" stroke-linecap=\"round\" stroke-linejoin=\"round\" points=\"0, 0 45, 40 0, 80\"><\/polyline>\r\n          <\/svg><span class=\"line\" style=\"background-color: #000;\"><\/span><\/a><\/span><\/div>\r\n  <\/div>\r\n  <div class=\"nectar_team_bio_img\" data-img-src=\"https:\/\/keskerakond.ee\/wp-content\/uploads\/2024\/11\/Andres-Kalvik.png\"><\/div>\r\n  <div class=\"nectar_team_bio\"><span style=\"white-space: pre-wrap;\"><\/span>\r\n    <div class=\"bottom_meta\">\r\n      <a><i class=\"icon-default-style fa fa-phone\">+372 5346 3948<\/i><\/a>\r\n      <a href=\"mailto:andres.kalvik@keskerakond.ee\" target=\"_blank\" rel=\"noopener\"><i class=\"icon-default-style fa fa-envelope\">andres.kalvik@keskerakond.ee<\/i><\/a>\r\n      \r\n    <\/div>\r\n  <\/div>\r\n<\/div>\r\n\r\n      <\/div>\r\n    \r\n  \r\n    \r\n  \r\n    \r\n  \r\n    \r\n  \r\n    \r\n  \r\n    \r\n  \r\n    \r\n  \r\n    \r\n  \r\n    \r\n  \r\n    \r\n  \r\n    \r\n  \r\n    \r\n  \r\n    \r\n  \r\n    \r\n  \r\n    \r\n  \r\n    \r\n  \r\n    \r\n  \r\n    \r\n  \r\n    \r\n  \r\n    \r\n  \r\n    \r\n  \r\n    \r\n  \r\n    \r\n  \r\n<\/div>[\/vc_column][\/vc_row][vc_row type=&#187;in_container&#187; full_screen_row_position=&#187;middle&#187; column_margin=&#187;default&#187; column_direction=&#187;default&#187; column_direction_tablet=&#187;default&#187; column_direction_phone=&#187;default&#187; scene_position=&#187;center&#187; text_color=&#187;dark&#187; text_align=&#187;left&#187; row_border_radius=&#187;none&#187; row_border_radius_applies=&#187;bg&#187; overflow=&#187;visible&#187; class=&#187;feed-only-et&#187; overlay_strength=&#187;0.3&#8243; gradient_direction=&#187;left_to_right&#187; shape_divider_position=&#187;bottom&#187; bg_image_animation=&#187;none&#187; gradient_type=&#187;default&#187; shape_type=&#187;&#187;][vc_column column_padding=&#187;no-extra-padding&#187; column_padding_tablet=&#187;inherit&#187; column_padding_phone=&#187;inherit&#187; column_padding_position=&#187;all&#187; column_element_direction_desktop=&#187;default&#187; column_element_spacing=&#187;default&#187; desktop_text_alignment=&#187;default&#187; tablet_text_alignment=&#187;default&#187; phone_text_alignment=&#187;default&#187; background_color_opacity=&#187;1&#8243; background_hover_color_opacity=&#187;1&#8243; column_backdrop_filter=&#187;none&#187; column_shadow=&#187;none&#187; column_border_radius=&#187;none&#187; column_link_target=&#187;_self&#187; column_position=&#187;default&#187; gradient_direction=&#187;left_to_right&#187; overlay_strength=&#187;0.3&#8243; width=&#187;1\/1&#8243; tablet_width_inherit=&#187;default&#187; animation_type=&#187;default&#187; bg_image_animation=&#187;none&#187; border_type=&#187;simple&#187; column_border_width=&#187;none&#187; column_border_style=&#187;solid&#187;][vc_column_text css_animation=&#187;fadeInUp&#187; css=&#187;&#187; text_direction=&#187;default&#187; _trns=&#187;eyJjb250ZW50IjoiNjI5M192Y19jb2x1bW5fdGV4dF80Mzg2YzM2YiJ9&#8243;]\n<h2>Erakonna h\u00fcmn<\/h2>\n[\/vc_column_text][\/vc_column][\/vc_row][vc_row type=&#187;in_container&#187; full_screen_row_position=&#187;middle&#187; column_margin=&#187;default&#187; equal_height=&#187;yes&#187; column_direction=&#187;default&#187; column_direction_tablet=&#187;column_reverse&#187; column_direction_phone=&#187;column_reverse&#187; scene_position=&#187;center&#187; text_color=&#187;dark&#187; text_align=&#187;left&#187; row_border_radius=&#187;none&#187; row_border_radius_applies=&#187;bg&#187; overflow=&#187;visible&#187; class=&#187;feed-only-et&#187; overlay_strength=&#187;0.3&#8243; gradient_direction=&#187;left_to_right&#187; shape_divider_position=&#187;bottom&#187; bg_image_animation=&#187;none&#187; gradient_type=&#187;default&#187; shape_type=&#187;&#187;][vc_column column_padding=&#187;no-extra-padding&#187; column_padding_tablet=&#187;inherit&#187; column_padding_phone=&#187;inherit&#187; column_padding_position=&#187;all&#187; column_element_direction_desktop=&#187;default&#187; column_element_spacing=&#187;default&#187; desktop_text_alignment=&#187;left&#187; tablet_text_alignment=&#187;default&#187; phone_text_alignment=&#187;default&#187; background_color_opacity=&#187;1&#8243; background_hover_color_opacity=&#187;1&#8243; column_backdrop_filter=&#187;none&#187; column_shadow=&#187;none&#187; column_border_radius=&#187;none&#187; column_link_target=&#187;_self&#187; column_position=&#187;default&#187; gradient_direction=&#187;left_to_right&#187; overlay_strength=&#187;0.3&#8243; width=&#187;2\/5&#8243; tablet_width_inherit=&#187;default&#187; animation_type=&#187;default&#187; bg_image_animation=&#187;none&#187; border_type=&#187;simple&#187; column_border_width=&#187;none&#187; column_border_style=&#187;solid&#187; column_padding_type=&#187;default&#187; gradient_type=&#187;default&#187;][vc_column_text css=&#187;&#187; text_direction=&#187;default&#187; _trns=&#187;eyJjb250ZW50IjoiNjI5M192Y19jb2x1bW5fdGV4dF8yMWFlMmQ5ZCJ9&#8243;]\n<h4>S\u00f5nad ja viis: Riho R\u00f5\u00f5mus<\/h4>\n<p>Kui eesm\u00e4rk on selge ja selge on siht<br \/>\nsiis tee on t\u00e4is p\u00e4ikese valgust.<br \/>\nKoos meiega astudes sammu sa \u00fcht<br \/>\nv\u00f5id Eestile luua uut algust.<\/p>\n<p>REF:\u00a0 Olla te v\u00f5ite meis kindlad<br \/>\neesm\u00e4rk meil \u00fchine on.<br \/>\n\u00dchte seob Eesti jaoks s\u00f5nad ja teod<br \/>\n\u00fcksmeelne Keskerakond<\/p>\n<p>Euroopa meid ootab ja maailm ju ka<br \/>\nnii \u0161ansse kui ohte on seal.<br \/>\nKuid t\u00e4htsam on k\u00fclg k\u00fclje k\u00f5rval just siin<br \/>\nj\u00e4\u00e4da vabaks rahvaks vabal maal.<\/p>\n<p>Taas \u00fctleme julgelt, et teame me t\u00f5tt<br \/>\ntoob tulevik lastele selgust.<br \/>\nKoos meiega astudes sammu sa \u00fcht<br \/>\nv\u00f5id Eestile luua uut algust.[\/vc_column_text][\/vc_column][vc_column column_padding=&#187;no-extra-padding&#187; column_padding_tablet=&#187;inherit&#187; column_padding_phone=&#187;inherit&#187; column_padding_position=&#187;all&#187; column_element_direction_desktop=&#187;default&#187; column_element_spacing=&#187;default&#187; desktop_text_alignment=&#187;default&#187; tablet_text_alignment=&#187;default&#187; phone_text_alignment=&#187;default&#187; background_color_opacity=&#187;1&#8243; background_hover_color_opacity=&#187;1&#8243; column_backdrop_filter=&#187;none&#187; column_shadow=&#187;none&#187; column_border_radius=&#187;none&#187; column_link_target=&#187;_self&#187; column_position=&#187;default&#187; gradient_direction=&#187;left_to_right&#187; overlay_strength=&#187;0.3&#8243; width=&#187;3\/5&#8243; tablet_width_inherit=&#187;default&#187; animation_type=&#187;default&#187; bg_image_animation=&#187;none&#187; border_type=&#187;simple&#187; column_border_width=&#187;none&#187; column_border_style=&#187;solid&#187;][vc_video link=&#187;https:\/\/www.youtube.com\/watch?v=E4keEhgfAGc&#187; el_aspect=&#187;43&#8243; css=&#187;&#187;][\/vc_column][\/vc_row][vc_row type=&#187;in_container&#187; full_screen_row_position=&#187;middle&#187; column_margin=&#187;default&#187; column_direction=&#187;default&#187; column_direction_tablet=&#187;default&#187; column_direction_phone=&#187;default&#187; scene_position=&#187;center&#187; text_color=&#187;dark&#187; text_align=&#187;left&#187; row_border_radius=&#187;none&#187; row_border_radius_applies=&#187;bg&#187; overflow=&#187;visible&#187; disable_element=&#187;yes&#187; overlay_strength=&#187;0.3&#8243; gradient_direction=&#187;left_to_right&#187; shape_divider_position=&#187;bottom&#187; bg_image_animation=&#187;none&#187; gradient_type=&#187;default&#187; shape_type=&#187;&#187;][vc_column column_padding=&#187;no-extra-padding&#187; column_padding_tablet=&#187;inherit&#187; column_padding_phone=&#187;inherit&#187; column_padding_position=&#187;all&#187; column_element_direction_desktop=&#187;default&#187; column_element_spacing=&#187;default&#187; desktop_text_alignment=&#187;default&#187; tablet_text_alignment=&#187;default&#187; phone_text_alignment=&#187;default&#187; background_color_opacity=&#187;1&#8243; background_hover_color_opacity=&#187;1&#8243; column_backdrop_filter=&#187;none&#187; column_shadow=&#187;none&#187; column_border_radius=&#187;none&#187; column_link_target=&#187;_self&#187; column_position=&#187;default&#187; gradient_direction=&#187;left_to_right&#187; overlay_strength=&#187;0.3&#8243; width=&#187;1\/1&#8243; tablet_width_inherit=&#187;default&#187; animation_type=&#187;default&#187; bg_image_animation=&#187;none&#187; border_type=&#187;simple&#187; column_border_width=&#187;none&#187; column_border_style=&#187;solid&#187;][team_member team_memeber_style=&#187;bio_fullscreen_alt&#187; image_loading=&#187;default&#187; team_member_bio_full_html=&#187;simple&#187;][\/team_member][\/vc_column][\/vc_row][vc_row type=&#187;in_container&#187; full_screen_row_position=&#187;middle&#187; column_margin=&#187;default&#187; column_direction=&#187;default&#187; column_direction_tablet=&#187;default&#187; column_direction_phone=&#187;default&#187; scene_position=&#187;center&#187; text_color=&#187;dark&#187; text_align=&#187;left&#187; row_border_radius=&#187;none&#187; row_border_radius_applies=&#187;bg&#187; overflow=&#187;visible&#187; overlay_strength=&#187;0.3&#8243; gradient_direction=&#187;left_to_right&#187; shape_divider_position=&#187;bottom&#187; bg_image_animation=&#187;none&#187;][vc_column column_padding=&#187;no-extra-padding&#187; column_padding_tablet=&#187;inherit&#187; column_padding_phone=&#187;inherit&#187; column_padding_position=&#187;all&#187; column_element_direction_desktop=&#187;default&#187; column_element_spacing=&#187;default&#187; desktop_text_alignment=&#187;default&#187; tablet_text_alignment=&#187;default&#187; phone_text_alignment=&#187;default&#187; background_color_opacity=&#187;1&#8243; background_hover_color_opacity=&#187;1&#8243; column_backdrop_filter=&#187;none&#187; column_shadow=&#187;none&#187; column_border_radius=&#187;none&#187; column_link_target=&#187;_self&#187; column_position=&#187;default&#187; gradient_direction=&#187;left_to_right&#187; overlay_strength=&#187;0.3&#8243; width=&#187;1\/1&#8243; tablet_width_inherit=&#187;default&#187; animation_type=&#187;default&#187; bg_image_animation=&#187;none&#187; border_type=&#187;simple&#187; column_border_width=&#187;none&#187; column_border_style=&#187;solid&#187;][\/vc_column][\/vc_row]\n","protected":false},"excerpt":{"rendered":"<p>[vc_row type=&#187;in_container&#187; full_screen_row_position=&#187;middle&#187; column_margin=&#187;default&#187; column_direction=&#187;default&#187; column_direction_tablet=&#187;default&#187; column_direction_phone=&#187;default&#187; scene_position=&#187;center&#187; text_color=&#187;dark&#187; text_align=&#187;left&#187; row_border_radius=&#187;none&#187; row_border_radius_applies=&#187;bg&#187; overflow=&#187;visible&#187; overlay_strength=&#187;0.3&#8243; gradient_direction=&#187;left_to_right&#187; shape_divider_position=&#187;bottom&#187; bg_image_animation=&#187;none&#187;][vc_column column_padding=&#187;no-extra-padding&#187; column_padding_tablet=&#187;inherit&#187; column_padding_phone=&#187;inherit&#187; column_padding_position=&#187;all&#187; column_element_direction_desktop=&#187;default&#187; column_element_spacing=&#187;default&#187; desktop_text_alignment=&#187;default&#187; tablet_text_alignment=&#187;default&#187; phone_text_alignment=&#187;default&#187; background_color_opacity=&#187;1&#8243; background_hover_color_opacity=&#187;1&#8243; column_backdrop_filter=&#187;none&#187; column_shadow=&#187;none&#187;&#8230;<\/p>\n","protected":false},"author":1,"featured_media":0,"parent":6673,"menu_order":0,"comment_status":"closed","ping_status":"closed","template":"","meta":{"_acf_changed":false,"footnotes":""},"class_list":["post-6293","page","type-page","status-publish"],"acf":[],"_links":{"self":[{"href":"https:\/\/keskerakond.ee\/ru\/wp-json\/wp\/v2\/pages\/6293","targetHints":{"allow":["GET"]}}],"collection":[{"href":"https:\/\/keskerakond.ee\/ru\/wp-json\/wp\/v2\/pages"}],"about":[{"href":"https:\/\/keskerakond.ee\/ru\/wp-json\/wp\/v2\/types\/page"}],"author":[{"embeddable":true,"href":"https:\/\/keskerakond.ee\/ru\/wp-json\/wp\/v2\/users\/1"}],"replies":[{"embeddable":true,"href":"https:\/\/keskerakond.ee\/ru\/wp-json\/wp\/v2\/comments?post=6293"}],"version-history":[{"count":5,"href":"https:\/\/keskerakond.ee\/ru\/wp-json\/wp\/v2\/pages\/6293\/revisions"}],"predecessor-version":[{"id":7090,"href":"https:\/\/keskerakond.ee\/ru\/wp-json\/wp\/v2\/pages\/6293\/revisions\/7090"}],"up":[{"embeddable":true,"href":"https:\/\/keskerakond.ee\/ru\/wp-json\/wp\/v2\/pages\/6673"}],"wp:attachment":[{"href":"https:\/\/keskerakond.ee\/ru\/wp-json\/wp\/v2\/media?parent=6293"}],"curies":[{"name":"wp","href":"https:\/\/api.w.org\/{rel}","templated":true}]}}