{"id":3,"date":"2024-09-27T14:18:14","date_gmt":"2024-09-27T14:18:14","guid":{"rendered":"https:\/\/keskerakond.ee\/?page_id=3"},"modified":"2024-10-19T14:19:09","modified_gmt":"2024-10-19T14:19:09","slug":"privaatsuspoliitika","status":"publish","type":"page","link":"https:\/\/keskerakond.ee\/ru\/privaatsuspoliitika\/","title":{"rendered":"Privaatsuspoliitika"},"content":{"rendered":"<p>MT\u00dc Eesti Keskerakond (edaspidi Keskerakond) on mittetulundus\u00fching, registrikoodiga 80053370, asukohaga Narva mnt 31-M1, Tallinn, Eesti. Oleme kaitsnud ja ellu viinud oma seisukohti, otsinud ja leidnud selliseid poliitilisi lahendusi, mis on aidanud Eesti \u00fchiskonnal astuda demokraatlike riikide perre inimkaotusteta ja verd valamata. Oleme humanistlike eesm\u00e4rkidega \u00fchendus ja tahame kindlustada poliitiliste otsuste ning demokraatlike reformide kaudu eesti rahvale turvalise elu Eestis ja maailma rahvaste hulgas.<\/p>\n<p>K\u00e4esolev privaatsuspoliitika on koostatud eesm\u00e4rgiga kaitsta Keskerakonna endiste, praeguste ja tulevaste liikmete ning\u00a0toetajate privaatsust. Sellest l\u00e4htuvalt toome v\u00e4lja p\u00f5him\u00f5tted, mis k\u00e4sitlevad isikuandmete kogumist, kasutamist, talletamist, edastamist ja avaldamist ning on koosk\u00f5las Eesti Vabariigi seaduste ning Euroopa Liidu \u00f5igusaktidega.<b><\/b><\/p>\n<p><b>Isikuandmete kogumine ja kasutamine<\/b><br \/>\nIsikuandmetena k\u00e4sitleme andmeid, mis on isiku poolt meiega jagatud vabatahtlikult. Isikuandmed v\u00f5ivad sisaldada nime, telefoninumbrit, e-maili, aadressi ja muid andmeid. Isikuandmeid kasutame vaid selleks etten\u00e4htud eesm\u00e4rgil, kogume ja kasutame teie andmeid selleks, et pakkuda teile v\u00f5imalust osaleda Keskerakonna tegevustes. Keskerakond ei levita, edasta, muuda ega kasuta m\u00f5nel muul mitte etten\u00e4htud viisil meile usaldatud isikuandmeid, v\u00e4lja arvatud juhul kui on vastav kokkulepe v\u00f5i kui info avaldamise vajadus tuleneb Eesti Vabariigi seadusandlusest. Juhul, kui saate meie k\u00e4est eelnimetatud infot, ilma et oleksite meile enda teadmata edastanud oma andmeid, palume sellest teada anda\u00a0<span id=\"cloakf5f8928fe57126ec956769c0a41461d3\"><a href=\"mailto:keskerakond@keskerakond.ee\">keskerakond@keskerakond.ee<\/a><\/span><\/p>\n<p>Isikul on \u00f5igus oma n\u00f5usolek igal ajal tagasi v\u00f5tta teavitades sellest aadressil\u00a0<span id=\"cloak4396413492de6fedd764583bd270d936\"><a href=\"mailto:keskerakond@keskerakond.ee\">keskerakond@keskerakond.ee<\/a><\/span><\/p>\n<p><b>K\u00fcpsised<\/b><br \/>\nKeskerakond kasutab oma veebilehel k\u00fcpsiseid (cookies), mille funktsiooniks on anal\u00fc\u00fcsida Teie sirvimisajalugu. Kasutame seda teavet, et muuta kasutajakogemus mugavamaks ning Teie soovidele vastavamaks. \u00dchtlasi kasutame k\u00fcpsiseid statistilise anal\u00fc\u00fcsi eesm\u00e4rgil ning selleks, et n\u00e4idata Teile reklaame l\u00e4bi hoolikalt valitud kolmandate osapoolte rakenduste (nt Google, Facebook). Anname teada, et me ei oma ligip\u00e4\u00e4su ega kontrolli kolmandate osapoolte poolt paigaldatavaid k\u00fcpsiseid ning nende rakendamine toimub l\u00e4htuvalt nende endi privaatsuspoliitikale.<\/p>\n<p>K\u00fcpsis on tekstifail, mille saadavad ja salvestavad kasutaja arvutisse veebilehed, mida ta k\u00fclastab. K\u00fcpsis salvestatakse kasutaja veebilehitseja failikataloogis. Juhul kui Kasutaja on veebilehte varem k\u00fclastanud, loeb veebilehitseja k\u00fcpsist ning edastab vastava teabe veebilehele v\u00f5i elemendile, mis k\u00fcpsise algul salvestas. Lisateave k\u00fcpsiste kohta on k\u00e4ttesaadav veebilehel www.aki.ee\/et\/kupsised.<\/p>\n<p>Veebilehitsejal on \u00f5igus k\u00fcpsiste kasutamine \u00e4ra keelata. Vastava soovi korral tuleb muuta oma veebilehitseja seadeid.<\/p>\n<p><strong>Privaatsuspoliitika tingimused ja muudatused<\/strong><br \/>\nMeile oma andmeid edastades ning meie veebilehe kasutamist j\u00e4tkates loeme, et olete tutvunud meie p\u00f5him\u00f5tete ja tingimustega ning nendega n\u00f5ustunud. Keskerakond j\u00e4tab endale \u00f5iguse vajadusel muuta privaatsuspoliitika \u00fcldtingimusi.<\/p>\n<p>K\u00f5ikide privaatsuspoliitikat puudutavate k\u00fcsimuste korral palume v\u00f5tta meiega \u00fchendust\u00a0<span id=\"cloak1842250b6dc92eca38efa55d87867fc8\"><a href=\"mailto:keskerakond@keskerakond.ee\">keskerakond@keskerakond.ee<\/a><\/span><\/p>\n","protected":false},"excerpt":{"rendered":"<p>MT\u00dc Eesti Keskerakond (edaspidi Keskerakond) on mittetulundus\u00fching, registrikoodiga 80053370, asukohaga Narva mnt 31-M1, Tallinn, Eesti. Oleme kaitsnud ja ellu viinud oma seisukohti, otsinud ja leidnud selliseid poliitilisi lahendusi, mis on&#8230;<\/p>\n","protected":false},"author":1,"featured_media":0,"parent":0,"menu_order":0,"comment_status":"closed","ping_status":"open","template":"","meta":{"_acf_changed":false,"footnotes":""},"class_list":["post-3","page","type-page","status-publish"],"acf":[],"_links":{"self":[{"href":"https:\/\/keskerakond.ee\/ru\/wp-json\/wp\/v2\/pages\/3","targetHints":{"allow":["GET"]}}],"collection":[{"href":"https:\/\/keskerakond.ee\/ru\/wp-json\/wp\/v2\/pages"}],"about":[{"href":"https:\/\/keskerakond.ee\/ru\/wp-json\/wp\/v2\/types\/page"}],"author":[{"embeddable":true,"href":"https:\/\/keskerakond.ee\/ru\/wp-json\/wp\/v2\/users\/1"}],"replies":[{"embeddable":true,"href":"https:\/\/keskerakond.ee\/ru\/wp-json\/wp\/v2\/comments?post=3"}],"version-history":[{"count":0,"href":"https:\/\/keskerakond.ee\/ru\/wp-json\/wp\/v2\/pages\/3\/revisions"}],"wp:attachment":[{"href":"https:\/\/keskerakond.ee\/ru\/wp-json\/wp\/v2\/media?parent=3"}],"curies":[{"name":"wp","href":"https:\/\/api.w.org\/{rel}","templated":true}]}}