{"id":12361,"date":"2025-10-01T22:39:50","date_gmt":"2025-10-01T19:39:50","guid":{"rendered":"https:\/\/keskerakond.ee\/?page_id=12361"},"modified":"2025-10-01T22:39:50","modified_gmt":"2025-10-01T19:39:50","slug":"keskerakonna-reklaamide-labipaistvusteade","status":"publish","type":"page","link":"https:\/\/keskerakond.ee\/ru\/keskerakonna-reklaamide-labipaistvusteade\/","title":{"rendered":"Keskerakonna reklaamide l\u00e4bipaistvusteade"},"content":{"rendered":"[vc_row type=&#187;full_width_background&#187; full_screen_row_position=&#187;middle&#187; column_margin=&#187;default&#187; equal_height=&#187;yes&#187; content_placement=&#187;middle&#187; column_direction=&#187;default&#187; column_direction_tablet=&#187;default&#187; column_direction_phone=&#187;default&#187; bg_color=&#187;#ffffff&#187; bg_image=&#187;hero-pattern.jpg&#187; bg_position=&#187;left top&#187; background_image_loading=&#187;default&#187; bg_repeat=&#187;no-repeat&#187; scene_position=&#187;center&#187; bottom_margin=&#187;30px&#187; text_color=&#187;dark&#187; text_align=&#187;center&#187; row_border_radius=&#187;none&#187; row_border_radius_applies=&#187;bg&#187; overflow=&#187;visible&#187; overlay_strength=&#187;0.3&#8243; gradient_direction=&#187;left_to_right&#187; enable_shape_divider=&#187;true&#187; shape_divider_color=&#187;#007743&#8243; shape_divider_position=&#187;top&#187; shape_divider_height=&#187;200px&#187; bg_image_animation=&#187;none&#187; shape_type=&#187;mountains&#187; parallax=&#187;true&#187; parallax_speed=&#187;slow&#187; css=&#187;.vc_custom_hero{padding: 120px 0 !important; background: linear-gradient(135deg, #1a5f3f 0%, #0d4d33 50%, #1a5f3f 100%) !important; position: relative !important;}&#187; gradient_type=&#187;default&#187;][vc_column column_padding=&#187;no-extra-padding&#187; column_padding_tablet=&#187;inherit&#187; column_padding_phone=&#187;inherit&#187; column_padding_position=&#187;all&#187; column_element_direction_desktop=&#187;default&#187; column_element_spacing=&#187;default&#187; desktop_text_alignment=&#187;left&#187; tablet_text_alignment=&#187;default&#187; phone_text_alignment=&#187;default&#187; background_color_opacity=&#187;1&#8243; background_hover_color_opacity=&#187;1&#8243; column_backdrop_filter=&#187;none&#187; column_shadow=&#187;none&#187; column_border_radius=&#187;none&#187; column_link_target=&#187;_self&#187; column_position=&#187;default&#187; gradient_direction=&#187;left_to_right&#187; overlay_strength=&#187;0.3&#8243; width=&#187;1\/1&#8243; tablet_width_inherit=&#187;default&#187; animation_type=&#187;default&#187; bg_image_animation=&#187;none&#187; border_type=&#187;simple&#187; column_border_width=&#187;none&#187; column_border_style=&#187;solid&#187; column_padding_type=&#187;default&#187; gradient_type=&#187;default&#187;][image_with_animation image_url=&#187;12368&#8243; image_size=&#187;medium&#187; animation_type=&#187;entrance&#187; animation=&#187;None&#187; animation_movement_type=&#187;transform_y&#187; hover_animation=&#187;none&#187; alignment=&#187;&#187; border_radius=&#187;none&#187; box_shadow=&#187;none&#187; image_loading=&#187;default&#187; max_width=&#187;100%&#187; max_width_mobile=&#187;default&#187;][nectar_highlighted_text color_type=&#187;regular&#187; highlight_color=&#187;#007557&#8243; text_color=&#187;#00995a&#187; style=&#187;full_text&#187; highlight_expansion=&#187;default&#187; text_direction=&#187;default&#187; _trns=&#187;eyJjb250ZW50IjoiMTIzNjFfbmVjdGFyX2hpZ2hsaWdodGVkX3RleHRfNTdiYjY3YjAifQ==&#187;]\n<h2 style=\"text-align: center;\"><strong data-entity-type=\"MessageEntityBold\">Keskerakonna reklaamide l\u00e4bipaistvusteade<\/strong><\/h2>\n[\/nectar_highlighted_text][vc_column_text css=&#187;&#187; text_direction=&#187;default&#187; _trns=&#187;eyJjb250ZW50IjoiMTIzNjFfdmNfY29sdW1uX3RleHRfMjAwNjA2ZGMifQ==&#187;]Sa j\u00f5udsid siia lehele, sest skaneerisid QR-koodi Eesti Keskerakonna poliitreklaamist. Vastavalt Euroopa Parlamendi ja n\u00f5ukogu m\u00e4\u00e4rusele (EL) <a class=\"text-entity-link\" dir=\"auto\" href=\"tel:2024\/900\" data-entity-type=\"MessageEntityPhone\">2024\/900<\/a>\u00a0tagame l\u00e4bipaistvuse poliitreklaami osas.<\/p>\n<p><strong data-entity-type=\"MessageEntityBold\">Tegemist on poliitreklaamiga! <\/strong>Sisu on loodud poliitilisel eesm\u00e4rgil.<\/p>\n<p><strong data-entity-type=\"MessageEntityBold\">Reklaami tellija: Eesti Keskerakond<\/strong><br \/>\nRegistrikood: <a class=\"text-entity-link\" dir=\"auto\" href=\"tel:80053436\" data-entity-type=\"MessageEntityPhone\">80053436<\/a><\/p>\n<p><strong data-entity-type=\"MessageEntityBold\">See reklaam on tasutud Eesti Keskerakonna eelarvest.<\/strong><\/p>\n<p>Reklaam on osa erakonna poliitilisest tegevusest ning v\u00f5ib olla seotud valimiskampaaniaga.<\/p>\n<p>Selles reklaamis ei ole kasutatud sihitud reklaami tehnikaid v\u00e4ljaspool tavap\u00e4rast levitamist.<br \/>\n<em data-entity-type=\"MessageEntityItalic\">(Kui kasutatakse sihitud reklaami: \u201eSelles reklaamis on kasutatud sihitud reklaami meetodeid (nt geograafiline v\u00f5i demograafiline suunamine).\u201c)<\/em><\/p>\n<p>Eesti Keskerakonna kulude ja rahastamise aruanded on avalikult k\u00e4ttesaadavad Erakondade Rahastamise ja J\u00e4relevalve Komisjoni kodulehel: <a class=\"text-entity-link word-break-all\" dir=\"auto\" title=\"https:\/\/erjk.ee\/et\/rahastamise-aruanded\/erakondade-kulude-aruanded\" href=\"https:\/\/erjk.ee\/et\/rahastamise-aruanded\/erakondade-kulude-aruanded\" target=\"_blank\" rel=\"noopener noreferrer\" data-entity-type=\"MessageEntityUrl\">https:\/\/erjk.ee\/et\/rahastamise-aruanded\/erakondade-kulude-aruanded<\/a>[\/vc_column_text][\/vc_column][\/vc_row]\n","protected":false},"excerpt":{"rendered":"<p>[vc_row type=&#187;full_width_background&#187; full_screen_row_position=&#187;middle&#187; column_margin=&#187;default&#187; equal_height=&#187;yes&#187; content_placement=&#187;middle&#187; column_direction=&#187;default&#187; column_direction_tablet=&#187;default&#187; column_direction_phone=&#187;default&#187; bg_color=&#187;#ffffff&#187; bg_image=&#187;hero-pattern.jpg&#187; bg_position=&#187;left top&#187; background_image_loading=&#187;default&#187; bg_repeat=&#187;no-repeat&#187; scene_position=&#187;center&#187; bottom_margin=&#187;30px&#187; text_color=&#187;dark&#187; text_align=&#187;center&#187; row_border_radius=&#187;none&#187; row_border_radius_applies=&#187;bg&#187; overflow=&#187;visible&#187; overlay_strength=&#187;0.3&#8243; gradient_direction=&#187;left_to_right&#187; enable_shape_divider=&#187;true&#187; shape_divider_color=&#187;#007743&#8243; shape_divider_position=&#187;top&#187; shape_divider_height=&#187;200px&#187; bg_image_animation=&#187;none&#187; shape_type=&#187;mountains&#187;&#8230;<\/p>\n","protected":false},"author":4,"featured_media":0,"parent":0,"menu_order":0,"comment_status":"closed","ping_status":"closed","template":"","meta":{"_acf_changed":false,"footnotes":""},"class_list":["post-12361","page","type-page","status-publish"],"acf":[],"_links":{"self":[{"href":"https:\/\/keskerakond.ee\/ru\/wp-json\/wp\/v2\/pages\/12361","targetHints":{"allow":["GET"]}}],"collection":[{"href":"https:\/\/keskerakond.ee\/ru\/wp-json\/wp\/v2\/pages"}],"about":[{"href":"https:\/\/keskerakond.ee\/ru\/wp-json\/wp\/v2\/types\/page"}],"author":[{"embeddable":true,"href":"https:\/\/keskerakond.ee\/ru\/wp-json\/wp\/v2\/users\/4"}],"replies":[{"embeddable":true,"href":"https:\/\/keskerakond.ee\/ru\/wp-json\/wp\/v2\/comments?post=12361"}],"version-history":[{"count":14,"href":"https:\/\/keskerakond.ee\/ru\/wp-json\/wp\/v2\/pages\/12361\/revisions"}],"predecessor-version":[{"id":12376,"href":"https:\/\/keskerakond.ee\/ru\/wp-json\/wp\/v2\/pages\/12361\/revisions\/12376"}],"wp:attachment":[{"href":"https:\/\/keskerakond.ee\/ru\/wp-json\/wp\/v2\/media?parent=12361"}],"curies":[{"name":"wp","href":"https:\/\/api.w.org\/{rel}","templated":true}]}}