{"id":12361,"date":"2025-10-01T22:39:50","date_gmt":"2025-10-01T19:39:50","guid":{"rendered":"https:\/\/keskerakond.ee\/?page_id=12361"},"modified":"2025-10-01T22:39:50","modified_gmt":"2025-10-01T19:39:50","slug":"keskerakonna-reklaamide-labipaistvusteade","status":"publish","type":"page","link":"https:\/\/keskerakond.ee\/en\/keskerakonna-reklaamide-labipaistvusteade\/","title":{"rendered":"Keskerakonna reklaamide l\u00e4bipaistvusteade"},"content":{"rendered":"[vc_row type=&#8221;full_width_background&#8221; full_screen_row_position=&#8221;middle&#8221; column_margin=&#8221;default&#8221; equal_height=&#8221;yes&#8221; content_placement=&#8221;middle&#8221; column_direction=&#8221;default&#8221; column_direction_tablet=&#8221;default&#8221; column_direction_phone=&#8221;default&#8221; bg_color=&#8221;#ffffff&#8221; bg_image=&#8221;hero-pattern.jpg&#8221; bg_position=&#8221;left top&#8221; background_image_loading=&#8221;default&#8221; bg_repeat=&#8221;no-repeat&#8221; scene_position=&#8221;center&#8221; bottom_margin=&#8221;30px&#8221; text_color=&#8221;dark&#8221; text_align=&#8221;center&#8221; row_border_radius=&#8221;none&#8221; row_border_radius_applies=&#8221;bg&#8221; overflow=&#8221;visible&#8221; overlay_strength=&#8221;0.3&#8243; gradient_direction=&#8221;left_to_right&#8221; enable_shape_divider=&#8221;true&#8221; shape_divider_color=&#8221;#007743&#8243; shape_divider_position=&#8221;top&#8221; shape_divider_height=&#8221;200px&#8221; bg_image_animation=&#8221;none&#8221; shape_type=&#8221;mountains&#8221; parallax=&#8221;true&#8221; parallax_speed=&#8221;slow&#8221; css=&#8221;.vc_custom_hero{padding: 120px 0 !important; background: linear-gradient(135deg, #1a5f3f 0%, #0d4d33 50%, #1a5f3f 100%) !important; position: relative !important;}&#8221; gradient_type=&#8221;default&#8221;][vc_column column_padding=&#8221;no-extra-padding&#8221; column_padding_tablet=&#8221;inherit&#8221; column_padding_phone=&#8221;inherit&#8221; column_padding_position=&#8221;all&#8221; column_element_direction_desktop=&#8221;default&#8221; column_element_spacing=&#8221;default&#8221; desktop_text_alignment=&#8221;left&#8221; tablet_text_alignment=&#8221;default&#8221; phone_text_alignment=&#8221;default&#8221; background_color_opacity=&#8221;1&#8243; background_hover_color_opacity=&#8221;1&#8243; column_backdrop_filter=&#8221;none&#8221; column_shadow=&#8221;none&#8221; column_border_radius=&#8221;none&#8221; column_link_target=&#8221;_self&#8221; column_position=&#8221;default&#8221; gradient_direction=&#8221;left_to_right&#8221; overlay_strength=&#8221;0.3&#8243; width=&#8221;1\/1&#8243; tablet_width_inherit=&#8221;default&#8221; animation_type=&#8221;default&#8221; bg_image_animation=&#8221;none&#8221; border_type=&#8221;simple&#8221; column_border_width=&#8221;none&#8221; column_border_style=&#8221;solid&#8221; column_padding_type=&#8221;default&#8221; gradient_type=&#8221;default&#8221;][image_with_animation image_url=&#8221;12368&#8243; image_size=&#8221;medium&#8221; animation_type=&#8221;entrance&#8221; animation=&#8221;None&#8221; animation_movement_type=&#8221;transform_y&#8221; hover_animation=&#8221;none&#8221; alignment=&#8221;&#8221; border_radius=&#8221;none&#8221; box_shadow=&#8221;none&#8221; image_loading=&#8221;default&#8221; max_width=&#8221;100%&#8221; max_width_mobile=&#8221;default&#8221;][nectar_highlighted_text color_type=&#8221;regular&#8221; highlight_color=&#8221;#007557&#8243; text_color=&#8221;#00995a&#8221; style=&#8221;full_text&#8221; highlight_expansion=&#8221;default&#8221; text_direction=&#8221;default&#8221; _trns=&#8221;eyJjb250ZW50IjoiMTIzNjFfbmVjdGFyX2hpZ2hsaWdodGVkX3RleHRfNTdiYjY3YjAifQ==&#8221;]\n<h2 style=\"text-align: center;\"><strong data-entity-type=\"MessageEntityBold\">Keskerakonna reklaamide l\u00e4bipaistvusteade<\/strong><\/h2>\n[\/nectar_highlighted_text][vc_column_text css=&#8221;&#8221; text_direction=&#8221;default&#8221; _trns=&#8221;eyJjb250ZW50IjoiMTIzNjFfdmNfY29sdW1uX3RleHRfMjAwNjA2ZGMifQ==&#8221;]Sa j\u00f5udsid siia lehele, sest skaneerisid QR-koodi Eesti Keskerakonna poliitreklaamist. Vastavalt Euroopa Parlamendi ja n\u00f5ukogu m\u00e4\u00e4rusele (EL) <a class=\"text-entity-link\" dir=\"auto\" href=\"tel:2024\/900\" data-entity-type=\"MessageEntityPhone\">2024\/900<\/a>\u00a0tagame l\u00e4bipaistvuse poliitreklaami osas.<\/p>\n<p><strong data-entity-type=\"MessageEntityBold\">Tegemist on poliitreklaamiga! <\/strong>Sisu on loodud poliitilisel eesm\u00e4rgil.<\/p>\n<p><strong data-entity-type=\"MessageEntityBold\">Reklaami tellija: Eesti Keskerakond<\/strong><br \/>\nRegistrikood: <a class=\"text-entity-link\" dir=\"auto\" href=\"tel:80053436\" data-entity-type=\"MessageEntityPhone\">80053436<\/a><\/p>\n<p><strong data-entity-type=\"MessageEntityBold\">See reklaam on tasutud Eesti Keskerakonna eelarvest.<\/strong><\/p>\n<p>Reklaam on osa erakonna poliitilisest tegevusest ning v\u00f5ib olla seotud valimiskampaaniaga.<\/p>\n<p>Selles reklaamis ei ole kasutatud sihitud reklaami tehnikaid v\u00e4ljaspool tavap\u00e4rast levitamist.<br \/>\n<em data-entity-type=\"MessageEntityItalic\">(Kui kasutatakse sihitud reklaami: \u201eSelles reklaamis on kasutatud sihitud reklaami meetodeid (nt geograafiline v\u00f5i demograafiline suunamine).\u201c)<\/em><\/p>\n<p>Eesti Keskerakonna kulude ja rahastamise aruanded on avalikult k\u00e4ttesaadavad Erakondade Rahastamise ja J\u00e4relevalve Komisjoni kodulehel: <a class=\"text-entity-link word-break-all\" dir=\"auto\" title=\"https:\/\/erjk.ee\/et\/rahastamise-aruanded\/erakondade-kulude-aruanded\" href=\"https:\/\/erjk.ee\/et\/rahastamise-aruanded\/erakondade-kulude-aruanded\" target=\"_blank\" rel=\"noopener noreferrer\" data-entity-type=\"MessageEntityUrl\">https:\/\/erjk.ee\/et\/rahastamise-aruanded\/erakondade-kulude-aruanded<\/a>[\/vc_column_text][\/vc_column][\/vc_row]\n","protected":false},"excerpt":{"rendered":"<p>[vc_row type=&#8221;full_width_background&#8221; full_screen_row_position=&#8221;middle&#8221; column_margin=&#8221;default&#8221; equal_height=&#8221;yes&#8221; content_placement=&#8221;middle&#8221; column_direction=&#8221;default&#8221; column_direction_tablet=&#8221;default&#8221; column_direction_phone=&#8221;default&#8221; bg_color=&#8221;#ffffff&#8221; bg_image=&#8221;hero-pattern.jpg&#8221; bg_position=&#8221;left top&#8221; background_image_loading=&#8221;default&#8221; bg_repeat=&#8221;no-repeat&#8221; scene_position=&#8221;center&#8221; bottom_margin=&#8221;30px&#8221; text_color=&#8221;dark&#8221; text_align=&#8221;center&#8221; row_border_radius=&#8221;none&#8221; row_border_radius_applies=&#8221;bg&#8221; overflow=&#8221;visible&#8221; overlay_strength=&#8221;0.3&#8243; gradient_direction=&#8221;left_to_right&#8221; enable_shape_divider=&#8221;true&#8221; shape_divider_color=&#8221;#007743&#8243; shape_divider_position=&#8221;top&#8221; shape_divider_height=&#8221;200px&#8221; bg_image_animation=&#8221;none&#8221; shape_type=&#8221;mountains&#8221;&#8230;<\/p>\n","protected":false},"author":4,"featured_media":0,"parent":0,"menu_order":0,"comment_status":"closed","ping_status":"closed","template":"","meta":{"_acf_changed":false,"footnotes":""},"class_list":["post-12361","page","type-page","status-publish"],"acf":[],"_links":{"self":[{"href":"https:\/\/keskerakond.ee\/en\/wp-json\/wp\/v2\/pages\/12361","targetHints":{"allow":["GET"]}}],"collection":[{"href":"https:\/\/keskerakond.ee\/en\/wp-json\/wp\/v2\/pages"}],"about":[{"href":"https:\/\/keskerakond.ee\/en\/wp-json\/wp\/v2\/types\/page"}],"author":[{"embeddable":true,"href":"https:\/\/keskerakond.ee\/en\/wp-json\/wp\/v2\/users\/4"}],"replies":[{"embeddable":true,"href":"https:\/\/keskerakond.ee\/en\/wp-json\/wp\/v2\/comments?post=12361"}],"version-history":[{"count":14,"href":"https:\/\/keskerakond.ee\/en\/wp-json\/wp\/v2\/pages\/12361\/revisions"}],"predecessor-version":[{"id":12376,"href":"https:\/\/keskerakond.ee\/en\/wp-json\/wp\/v2\/pages\/12361\/revisions\/12376"}],"wp:attachment":[{"href":"https:\/\/keskerakond.ee\/en\/wp-json\/wp\/v2\/media?parent=12361"}],"curies":[{"name":"wp","href":"https:\/\/api.w.org\/{rel}","templated":true}]}}